{"id":146,"date":"2023-07-05T20:06:38","date_gmt":"2023-07-05T20:06:38","guid":{"rendered":"https:\/\/nuevaesperanza.mx\/?page_id=146"},"modified":"2023-07-19T23:07:59","modified_gmt":"2023-07-19T23:07:59","slug":"zona-2-40","status":"publish","type":"page","link":"https:\/\/nuevaesperanza.mx\/?page_id=146","title":{"rendered":"ZONA 2.40"},"content":{"rendered":"\n<p>La Iglesia Cristiana Nueva Esperanza se integra en su mayor\u00eda por familias completas, as\u00ed que tenemos un especial inter\u00e9s en ministrar a los ni\u00f1os, por lo que<br>contamos con un Ministerio especial para ni\u00f1os llamado Zona 2.40., integrado por maestros y asistentes que adem\u00e1s de amar a los ni\u00f1os, constantemente est\u00e1n siendo capacitados.<\/p>\n\n\n\n<figure class=\"wp-block-image aligncenter size-medium is-resized\"><img loading=\"lazy\" decoding=\"async\" src=\"https:\/\/nuevaesperanza.mx\/wp-content\/uploads\/2023\/07\/MINISTERIOS-DE-NINOS-IGLESIA-NUEVA-ESPERANZA-238x300.png\" alt=\"\" class=\"wp-image-475\" width=\"293\" height=\"369\" srcset=\"https:\/\/nuevaesperanza.mx\/wp-content\/uploads\/2023\/07\/MINISTERIOS-DE-NINOS-IGLESIA-NUEVA-ESPERANZA-238x300.png 238w, https:\/\/nuevaesperanza.mx\/wp-content\/uploads\/2023\/07\/MINISTERIOS-DE-NINOS-IGLESIA-NUEVA-ESPERANZA-812x1024.png 812w, https:\/\/nuevaesperanza.mx\/wp-content\/uploads\/2023\/07\/MINISTERIOS-DE-NINOS-IGLESIA-NUEVA-ESPERANZA-768x968.png 768w, https:\/\/nuevaesperanza.mx\/wp-content\/uploads\/2023\/07\/MINISTERIOS-DE-NINOS-IGLESIA-NUEVA-ESPERANZA.png 1047w\" sizes=\"auto, (max-width: 293px) 100vw, 293px\" \/><\/figure>\n\n\n\n<p><br>Cada domingo atendemos a los ni\u00f1os de 0 a 12 a\u00f1os en la Zona 2.40, no para entretenerlos, sino<br>para ense\u00f1arles acerca de las verdades eternas por medio de clases b\u00edblicas, organizadas de acuerdo a<br>las edades de los ni\u00f1os.<br>1.- Maternal<br>2.- K\u00ednder I<br>3.- K\u00ednder II<br>4.- Primarios<br>5.- Pre-Adolescentes<\/p>\n\n\n\n<figure class=\"wp-block-gallery has-nested-images columns-default is-cropped wp-block-gallery-1 is-layout-flex wp-block-gallery-is-layout-flex\">\n<figure class=\"wp-block-image size-large\"><img loading=\"lazy\" decoding=\"async\" width=\"1024\" height=\"683\" data-id=\"415\" src=\"https:\/\/nuevaesperanza.mx\/wp-content\/uploads\/2023\/07\/279306616_994769347843288_553874720457102748_n-1024x683.jpg\" alt=\"\" class=\"wp-image-415\" srcset=\"https:\/\/nuevaesperanza.mx\/wp-content\/uploads\/2023\/07\/279306616_994769347843288_553874720457102748_n-1024x683.jpg 1024w, https:\/\/nuevaesperanza.mx\/wp-content\/uploads\/2023\/07\/279306616_994769347843288_553874720457102748_n-300x200.jpg 300w, https:\/\/nuevaesperanza.mx\/wp-content\/uploads\/2023\/07\/279306616_994769347843288_553874720457102748_n-768x512.jpg 768w, https:\/\/nuevaesperanza.mx\/wp-content\/uploads\/2023\/07\/279306616_994769347843288_553874720457102748_n-1536x1024.jpg 1536w, https:\/\/nuevaesperanza.mx\/wp-content\/uploads\/2023\/07\/279306616_994769347843288_553874720457102748_n.jpg 2048w\" sizes=\"auto, (max-width: 1024px) 100vw, 1024px\" \/><\/figure>\n\n\n\n<figure class=\"wp-block-image size-large\"><img loading=\"lazy\" decoding=\"async\" width=\"1024\" height=\"683\" data-id=\"420\" src=\"https:\/\/nuevaesperanza.mx\/wp-content\/uploads\/2023\/07\/279880870_999187484068141_1384131262526860088_n-1024x683.jpg\" alt=\"\" class=\"wp-image-420\" srcset=\"https:\/\/nuevaesperanza.mx\/wp-content\/uploads\/2023\/07\/279880870_999187484068141_1384131262526860088_n-1024x683.jpg 1024w, https:\/\/nuevaesperanza.mx\/wp-content\/uploads\/2023\/07\/279880870_999187484068141_1384131262526860088_n-300x200.jpg 300w, https:\/\/nuevaesperanza.mx\/wp-content\/uploads\/2023\/07\/279880870_999187484068141_1384131262526860088_n-768x512.jpg 768w, https:\/\/nuevaesperanza.mx\/wp-content\/uploads\/2023\/07\/279880870_999187484068141_1384131262526860088_n-1536x1024.jpg 1536w, https:\/\/nuevaesperanza.mx\/wp-content\/uploads\/2023\/07\/279880870_999187484068141_1384131262526860088_n.jpg 2048w\" sizes=\"auto, (max-width: 1024px) 100vw, 1024px\" \/><\/figure>\n\n\n\n<figure class=\"wp-block-image size-large\"><img loading=\"lazy\" decoding=\"async\" width=\"1024\" height=\"683\" data-id=\"421\" src=\"https:\/\/nuevaesperanza.mx\/wp-content\/uploads\/2023\/07\/279922019_999187594068130_5500962223963343134_n-1024x683.jpg\" alt=\"\" class=\"wp-image-421\" srcset=\"https:\/\/nuevaesperanza.mx\/wp-content\/uploads\/2023\/07\/279922019_999187594068130_5500962223963343134_n-1024x683.jpg 1024w, https:\/\/nuevaesperanza.mx\/wp-content\/uploads\/2023\/07\/279922019_999187594068130_5500962223963343134_n-300x200.jpg 300w, https:\/\/nuevaesperanza.mx\/wp-content\/uploads\/2023\/07\/279922019_999187594068130_5500962223963343134_n-768x512.jpg 768w, https:\/\/nuevaesperanza.mx\/wp-content\/uploads\/2023\/07\/279922019_999187594068130_5500962223963343134_n-1536x1024.jpg 1536w, https:\/\/nuevaesperanza.mx\/wp-content\/uploads\/2023\/07\/279922019_999187594068130_5500962223963343134_n.jpg 2048w\" sizes=\"auto, (max-width: 1024px) 100vw, 1024px\" \/><\/figure>\n\n\n\n<figure class=\"wp-block-image size-large\"><img loading=\"lazy\" decoding=\"async\" width=\"1024\" height=\"683\" data-id=\"425\" src=\"https:\/\/nuevaesperanza.mx\/wp-content\/uploads\/2023\/07\/285504537_1017633202223569_1726961361482871984_n-1024x683.jpg\" alt=\"\" class=\"wp-image-425\" srcset=\"https:\/\/nuevaesperanza.mx\/wp-content\/uploads\/2023\/07\/285504537_1017633202223569_1726961361482871984_n-1024x683.jpg 1024w, https:\/\/nuevaesperanza.mx\/wp-content\/uploads\/2023\/07\/285504537_1017633202223569_1726961361482871984_n-300x200.jpg 300w, https:\/\/nuevaesperanza.mx\/wp-content\/uploads\/2023\/07\/285504537_1017633202223569_1726961361482871984_n-768x512.jpg 768w, https:\/\/nuevaesperanza.mx\/wp-content\/uploads\/2023\/07\/285504537_1017633202223569_1726961361482871984_n-1536x1024.jpg 1536w, https:\/\/nuevaesperanza.mx\/wp-content\/uploads\/2023\/07\/285504537_1017633202223569_1726961361482871984_n.jpg 2048w\" sizes=\"auto, (max-width: 1024px) 100vw, 1024px\" \/><\/figure>\n\n\n\n<figure class=\"wp-block-image size-large\"><img loading=\"lazy\" decoding=\"async\" width=\"1024\" height=\"683\" data-id=\"424\" src=\"https:\/\/nuevaesperanza.mx\/wp-content\/uploads\/2023\/07\/305125595_1075937153059840_5844243749451090451_n-1024x683.jpg\" alt=\"\" class=\"wp-image-424\" srcset=\"https:\/\/nuevaesperanza.mx\/wp-content\/uploads\/2023\/07\/305125595_1075937153059840_5844243749451090451_n-1024x683.jpg 1024w, https:\/\/nuevaesperanza.mx\/wp-content\/uploads\/2023\/07\/305125595_1075937153059840_5844243749451090451_n-300x200.jpg 300w, https:\/\/nuevaesperanza.mx\/wp-content\/uploads\/2023\/07\/305125595_1075937153059840_5844243749451090451_n-768x512.jpg 768w, https:\/\/nuevaesperanza.mx\/wp-content\/uploads\/2023\/07\/305125595_1075937153059840_5844243749451090451_n-1536x1024.jpg 1536w, https:\/\/nuevaesperanza.mx\/wp-content\/uploads\/2023\/07\/305125595_1075937153059840_5844243749451090451_n.jpg 2048w\" sizes=\"auto, (max-width: 1024px) 100vw, 1024px\" \/><\/figure>\n\n\n\n<figure class=\"wp-block-image size-large\"><img loading=\"lazy\" decoding=\"async\" width=\"1024\" height=\"564\" data-id=\"414\" src=\"https:\/\/nuevaesperanza.mx\/wp-content\/uploads\/2023\/07\/329103681_1299731517257399_7148090687690014926_n.jpg\" alt=\"\" class=\"wp-image-414\" srcset=\"https:\/\/nuevaesperanza.mx\/wp-content\/uploads\/2023\/07\/329103681_1299731517257399_7148090687690014926_n.jpg 1024w, https:\/\/nuevaesperanza.mx\/wp-content\/uploads\/2023\/07\/329103681_1299731517257399_7148090687690014926_n-300x165.jpg 300w, https:\/\/nuevaesperanza.mx\/wp-content\/uploads\/2023\/07\/329103681_1299731517257399_7148090687690014926_n-768x423.jpg 768w\" sizes=\"auto, (max-width: 1024px) 100vw, 1024px\" \/><\/figure>\n\n\n\n<figure class=\"wp-block-image size-large\"><img loading=\"lazy\" decoding=\"async\" width=\"1024\" height=\"683\" data-id=\"416\" src=\"https:\/\/nuevaesperanza.mx\/wp-content\/uploads\/2023\/07\/344416001_595462715894352_8740730856331499286_n-1024x683.jpg\" alt=\"\" class=\"wp-image-416\" srcset=\"https:\/\/nuevaesperanza.mx\/wp-content\/uploads\/2023\/07\/344416001_595462715894352_8740730856331499286_n-1024x683.jpg 1024w, https:\/\/nuevaesperanza.mx\/wp-content\/uploads\/2023\/07\/344416001_595462715894352_8740730856331499286_n-300x200.jpg 300w, https:\/\/nuevaesperanza.mx\/wp-content\/uploads\/2023\/07\/344416001_595462715894352_8740730856331499286_n-768x512.jpg 768w, https:\/\/nuevaesperanza.mx\/wp-content\/uploads\/2023\/07\/344416001_595462715894352_8740730856331499286_n-1536x1024.jpg 1536w, https:\/\/nuevaesperanza.mx\/wp-content\/uploads\/2023\/07\/344416001_595462715894352_8740730856331499286_n.jpg 2048w\" sizes=\"auto, (max-width: 1024px) 100vw, 1024px\" \/><\/figure>\n\n\n\n<figure class=\"wp-block-image size-large\"><img loading=\"lazy\" decoding=\"async\" width=\"1024\" height=\"683\" data-id=\"419\" src=\"https:\/\/nuevaesperanza.mx\/wp-content\/uploads\/2023\/07\/344758339_898722111387958_6052061156405174453_n-1024x683.jpg\" alt=\"\" class=\"wp-image-419\" srcset=\"https:\/\/nuevaesperanza.mx\/wp-content\/uploads\/2023\/07\/344758339_898722111387958_6052061156405174453_n-1024x683.jpg 1024w, https:\/\/nuevaesperanza.mx\/wp-content\/uploads\/2023\/07\/344758339_898722111387958_6052061156405174453_n-300x200.jpg 300w, https:\/\/nuevaesperanza.mx\/wp-content\/uploads\/2023\/07\/344758339_898722111387958_6052061156405174453_n-768x512.jpg 768w, https:\/\/nuevaesperanza.mx\/wp-content\/uploads\/2023\/07\/344758339_898722111387958_6052061156405174453_n-1536x1024.jpg 1536w, https:\/\/nuevaesperanza.mx\/wp-content\/uploads\/2023\/07\/344758339_898722111387958_6052061156405174453_n.jpg 2048w\" sizes=\"auto, (max-width: 1024px) 100vw, 1024px\" \/><\/figure>\n\n\n\n<figure class=\"wp-block-image size-large\"><img loading=\"lazy\" decoding=\"async\" width=\"1024\" height=\"683\" data-id=\"417\" src=\"https:\/\/nuevaesperanza.mx\/wp-content\/uploads\/2023\/07\/344870262_572951788154110_2565814515827235410_n-1024x683.jpg\" alt=\"\" class=\"wp-image-417\" srcset=\"https:\/\/nuevaesperanza.mx\/wp-content\/uploads\/2023\/07\/344870262_572951788154110_2565814515827235410_n-1024x683.jpg 1024w, https:\/\/nuevaesperanza.mx\/wp-content\/uploads\/2023\/07\/344870262_572951788154110_2565814515827235410_n-300x200.jpg 300w, https:\/\/nuevaesperanza.mx\/wp-content\/uploads\/2023\/07\/344870262_572951788154110_2565814515827235410_n-768x512.jpg 768w, https:\/\/nuevaesperanza.mx\/wp-content\/uploads\/2023\/07\/344870262_572951788154110_2565814515827235410_n-1536x1024.jpg 1536w, https:\/\/nuevaesperanza.mx\/wp-content\/uploads\/2023\/07\/344870262_572951788154110_2565814515827235410_n.jpg 2048w\" sizes=\"auto, (max-width: 1024px) 100vw, 1024px\" \/><\/figure>\n\n\n\n<figure class=\"wp-block-image size-large\"><img loading=\"lazy\" decoding=\"async\" width=\"1024\" height=\"683\" data-id=\"418\" src=\"https:\/\/nuevaesperanza.mx\/wp-content\/uploads\/2023\/07\/356630627_643839901108954_9089056280149655067_n-1024x683.jpg\" alt=\"\" class=\"wp-image-418\" srcset=\"https:\/\/nuevaesperanza.mx\/wp-content\/uploads\/2023\/07\/356630627_643839901108954_9089056280149655067_n-1024x683.jpg 1024w, https:\/\/nuevaesperanza.mx\/wp-content\/uploads\/2023\/07\/356630627_643839901108954_9089056280149655067_n-300x200.jpg 300w, https:\/\/nuevaesperanza.mx\/wp-content\/uploads\/2023\/07\/356630627_643839901108954_9089056280149655067_n-768x512.jpg 768w, https:\/\/nuevaesperanza.mx\/wp-content\/uploads\/2023\/07\/356630627_643839901108954_9089056280149655067_n-1536x1024.jpg 1536w, https:\/\/nuevaesperanza.mx\/wp-content\/uploads\/2023\/07\/356630627_643839901108954_9089056280149655067_n.jpg 2048w\" sizes=\"auto, (max-width: 1024px) 100vw, 1024px\" \/><\/figure>\n\n\n\n<figure class=\"wp-block-image size-large\"><img loading=\"lazy\" decoding=\"async\" width=\"1024\" height=\"683\" data-id=\"426\" src=\"https:\/\/nuevaesperanza.mx\/wp-content\/uploads\/2023\/07\/356671237_643839964442281_8659965709187677944_n-1024x683.jpg\" alt=\"\" class=\"wp-image-426\" srcset=\"https:\/\/nuevaesperanza.mx\/wp-content\/uploads\/2023\/07\/356671237_643839964442281_8659965709187677944_n-1024x683.jpg 1024w, https:\/\/nuevaesperanza.mx\/wp-content\/uploads\/2023\/07\/356671237_643839964442281_8659965709187677944_n-300x200.jpg 300w, https:\/\/nuevaesperanza.mx\/wp-content\/uploads\/2023\/07\/356671237_643839964442281_8659965709187677944_n-768x512.jpg 768w, https:\/\/nuevaesperanza.mx\/wp-content\/uploads\/2023\/07\/356671237_643839964442281_8659965709187677944_n-1536x1024.jpg 1536w, https:\/\/nuevaesperanza.mx\/wp-content\/uploads\/2023\/07\/356671237_643839964442281_8659965709187677944_n.jpg 2048w\" sizes=\"auto, (max-width: 1024px) 100vw, 1024px\" \/><\/figure>\n\n\n\n<figure class=\"wp-block-image size-large\"><img loading=\"lazy\" decoding=\"async\" width=\"1024\" height=\"683\" data-id=\"422\" src=\"https:\/\/nuevaesperanza.mx\/wp-content\/uploads\/2023\/07\/357717754_648221974004080_8912018447886846496_n-1024x683.jpg\" alt=\"\" class=\"wp-image-422\" srcset=\"https:\/\/nuevaesperanza.mx\/wp-content\/uploads\/2023\/07\/357717754_648221974004080_8912018447886846496_n-1024x683.jpg 1024w, https:\/\/nuevaesperanza.mx\/wp-content\/uploads\/2023\/07\/357717754_648221974004080_8912018447886846496_n-300x200.jpg 300w, https:\/\/nuevaesperanza.mx\/wp-content\/uploads\/2023\/07\/357717754_648221974004080_8912018447886846496_n-768x512.jpg 768w, https:\/\/nuevaesperanza.mx\/wp-content\/uploads\/2023\/07\/357717754_648221974004080_8912018447886846496_n-1536x1024.jpg 1536w, https:\/\/nuevaesperanza.mx\/wp-content\/uploads\/2023\/07\/357717754_648221974004080_8912018447886846496_n.jpg 2048w\" sizes=\"auto, (max-width: 1024px) 100vw, 1024px\" \/><\/figure>\n\n\n\n<figure class=\"wp-block-image size-large\"><img loading=\"lazy\" decoding=\"async\" width=\"1024\" height=\"683\" data-id=\"423\" src=\"https:\/\/nuevaesperanza.mx\/wp-content\/uploads\/2023\/07\/359229468_652605230232421_1513091543786913488_n-1024x683.jpg\" alt=\"\" class=\"wp-image-423\" srcset=\"https:\/\/nuevaesperanza.mx\/wp-content\/uploads\/2023\/07\/359229468_652605230232421_1513091543786913488_n-1024x683.jpg 1024w, https:\/\/nuevaesperanza.mx\/wp-content\/uploads\/2023\/07\/359229468_652605230232421_1513091543786913488_n-300x200.jpg 300w, https:\/\/nuevaesperanza.mx\/wp-content\/uploads\/2023\/07\/359229468_652605230232421_1513091543786913488_n-768x512.jpg 768w, https:\/\/nuevaesperanza.mx\/wp-content\/uploads\/2023\/07\/359229468_652605230232421_1513091543786913488_n-1536x1024.jpg 1536w, https:\/\/nuevaesperanza.mx\/wp-content\/uploads\/2023\/07\/359229468_652605230232421_1513091543786913488_n.jpg 2048w\" sizes=\"auto, (max-width: 1024px) 100vw, 1024px\" \/><\/figure>\n<\/figure>\n\n\n\n<figure class=\"wp-block-pullquote\"><blockquote><p><em>El ni\u00f1o crec\u00eda y se fortalec\u00eda; progresaba en sabidur\u00eda, y la gracia de Dios lo acompa\u00f1aba<\/em><\/p><cite>Lucas 2:40<\/cite><\/blockquote><\/figure>\n","protected":false},"excerpt":{"rendered":"<p>La Iglesia Cristiana Nueva Esperanza se integra en su mayor\u00eda por familias completas, as\u00ed que tenemos un especial inter\u00e9s en ministrar a los ni\u00f1os, por lo quecontamos con un Ministerio especial para ni\u00f1os llamado Zona 2.40., integrado por maestros y asistentes que adem\u00e1s de amar a los ni\u00f1os, constantemente est\u00e1n siendo capacitados. Cada domingo atendemos a los ni\u00f1os de 0 a 12 a\u00f1os en la Zona 2.40, no para entretenerlos, sinopara ense\u00f1arles acerca de las verdades eternas por medio de clases b\u00edblicas, organizadas de acuerdo alas edades de los ni\u00f1os.1.- Maternal2.- K\u00ednder I3.- K\u00ednder II4.- Primarios5.- Pre-Adolescentes El ni\u00f1o crec\u00eda<\/p>\n","protected":false},"author":1,"featured_media":0,"parent":0,"menu_order":0,"comment_status":"closed","ping_status":"closed","template":"","meta":{"footnotes":""},"class_list":["post-146","page","type-page","status-publish","hentry"],"_links":{"self":[{"href":"https:\/\/nuevaesperanza.mx\/index.php?rest_route=\/wp\/v2\/pages\/146","targetHints":{"allow":["GET"]}}],"collection":[{"href":"https:\/\/nuevaesperanza.mx\/index.php?rest_route=\/wp\/v2\/pages"}],"about":[{"href":"https:\/\/nuevaesperanza.mx\/index.php?rest_route=\/wp\/v2\/types\/page"}],"author":[{"embeddable":true,"href":"https:\/\/nuevaesperanza.mx\/index.php?rest_route=\/wp\/v2\/users\/1"}],"replies":[{"embeddable":true,"href":"https:\/\/nuevaesperanza.mx\/index.php?rest_route=%2Fwp%2Fv2%2Fcomments&post=146"}],"version-history":[{"count":5,"href":"https:\/\/nuevaesperanza.mx\/index.php?rest_route=\/wp\/v2\/pages\/146\/revisions"}],"predecessor-version":[{"id":477,"href":"https:\/\/nuevaesperanza.mx\/index.php?rest_route=\/wp\/v2\/pages\/146\/revisions\/477"}],"wp:attachment":[{"href":"https:\/\/nuevaesperanza.mx\/index.php?rest_route=%2Fwp%2Fv2%2Fmedia&parent=146"}],"curies":[{"name":"wp","href":"https:\/\/api.w.org\/{rel}","templated":true}]}}