{"id":149,"date":"2023-07-05T20:07:13","date_gmt":"2023-07-05T20:07:13","guid":{"rendered":"https:\/\/nuevaesperanza.mx\/?page_id=149"},"modified":"2023-07-20T00:20:41","modified_gmt":"2023-07-20T00:20:41","slug":"icne-la-raza","status":"publish","type":"page","link":"https:\/\/nuevaesperanza.mx\/?page_id=149","title":{"rendered":"ICNE LA RAZA"},"content":{"rendered":"\n<p>La Iglesia Cristiana Nueva Esperanza \u00abLa Raza\u00bb nace de la necesidad de llevar el evangelio a m\u00e1s personas dentro de la ciudad de Pachuca. Se ubica en la colonia La Raza en <strong>Sal\u00f3n de Eventos. Calle Independencia # 311, Explanada Cerro de Cubitos<\/strong>, <strong>Pachuca<\/strong>.<\/p>\n\n\n\n<h4 class=\"wp-block-heading has-text-align-center\"><strong>CELEBRACIONES: <\/strong><\/h4>\n\n\n\n<h2 class=\"wp-block-heading has-text-align-center\">DOMINGOS 10:30 AM<\/h2>\n\n\n\n<p class=\"has-text-align-center\">ERES BIENVENIDO<\/p>\n\n\n\n<p><\/p>\n\n\n\n<p>El pasado mes de marzo, celebramos el 1er Aniversario de Nueva Esperanza La Raza. Damos Gloria a Dios.<\/p>\n\n\n\n<blockquote class=\"wp-block-quote is-layout-flow wp-block-quote-is-layout-flow\">\n<p>S\u00ed, el&nbsp;Se\u00f1or&nbsp;ha hecho grandes cosas por nosotros,<br>&nbsp;&nbsp;&nbsp;&nbsp;y eso nos llena de alegr\u00eda.<\/p>\n\n\n\n<p>Salmos 126:3<\/p>\n<\/blockquote>\n\n\n\n<figure class=\"wp-block-gallery has-nested-images columns-default is-cropped wp-block-gallery-1 is-layout-flex wp-block-gallery-is-layout-flex\">\n<figure class=\"wp-block-image size-large\"><img loading=\"lazy\" decoding=\"async\" width=\"1024\" height=\"768\" data-id=\"284\" src=\"https:\/\/nuevaesperanza.mx\/wp-content\/uploads\/2023\/07\/335173795_6067607113275829_1033559764794602166_n-1024x768.jpg\" alt=\"\" class=\"wp-image-284\" srcset=\"https:\/\/nuevaesperanza.mx\/wp-content\/uploads\/2023\/07\/335173795_6067607113275829_1033559764794602166_n-1024x768.jpg 1024w, https:\/\/nuevaesperanza.mx\/wp-content\/uploads\/2023\/07\/335173795_6067607113275829_1033559764794602166_n-300x225.jpg 300w, https:\/\/nuevaesperanza.mx\/wp-content\/uploads\/2023\/07\/335173795_6067607113275829_1033559764794602166_n-768x576.jpg 768w, https:\/\/nuevaesperanza.mx\/wp-content\/uploads\/2023\/07\/335173795_6067607113275829_1033559764794602166_n-1536x1152.jpg 1536w, https:\/\/nuevaesperanza.mx\/wp-content\/uploads\/2023\/07\/335173795_6067607113275829_1033559764794602166_n.jpg 2048w\" sizes=\"auto, (max-width: 1024px) 100vw, 1024px\" \/><\/figure>\n\n\n\n<figure class=\"wp-block-image size-large\"><img loading=\"lazy\" decoding=\"async\" width=\"1024\" height=\"768\" data-id=\"283\" src=\"https:\/\/nuevaesperanza.mx\/wp-content\/uploads\/2023\/07\/335179547_1273600516869496_5931272295116390065_n-1024x768.jpg\" alt=\"\" class=\"wp-image-283\" srcset=\"https:\/\/nuevaesperanza.mx\/wp-content\/uploads\/2023\/07\/335179547_1273600516869496_5931272295116390065_n-1024x768.jpg 1024w, https:\/\/nuevaesperanza.mx\/wp-content\/uploads\/2023\/07\/335179547_1273600516869496_5931272295116390065_n-300x225.jpg 300w, https:\/\/nuevaesperanza.mx\/wp-content\/uploads\/2023\/07\/335179547_1273600516869496_5931272295116390065_n-768x576.jpg 768w, https:\/\/nuevaesperanza.mx\/wp-content\/uploads\/2023\/07\/335179547_1273600516869496_5931272295116390065_n-1536x1152.jpg 1536w, https:\/\/nuevaesperanza.mx\/wp-content\/uploads\/2023\/07\/335179547_1273600516869496_5931272295116390065_n.jpg 2048w\" sizes=\"auto, (max-width: 1024px) 100vw, 1024px\" \/><\/figure>\n\n\n\n<figure class=\"wp-block-image size-large\"><img loading=\"lazy\" decoding=\"async\" width=\"1024\" height=\"768\" data-id=\"296\" src=\"https:\/\/nuevaesperanza.mx\/wp-content\/uploads\/2023\/07\/335441897_2723054191170468_8235298199882622098_n-1024x768.jpg\" alt=\"\" class=\"wp-image-296\" srcset=\"https:\/\/nuevaesperanza.mx\/wp-content\/uploads\/2023\/07\/335441897_2723054191170468_8235298199882622098_n-1024x768.jpg 1024w, https:\/\/nuevaesperanza.mx\/wp-content\/uploads\/2023\/07\/335441897_2723054191170468_8235298199882622098_n-300x225.jpg 300w, https:\/\/nuevaesperanza.mx\/wp-content\/uploads\/2023\/07\/335441897_2723054191170468_8235298199882622098_n-768x576.jpg 768w, https:\/\/nuevaesperanza.mx\/wp-content\/uploads\/2023\/07\/335441897_2723054191170468_8235298199882622098_n-1536x1152.jpg 1536w, https:\/\/nuevaesperanza.mx\/wp-content\/uploads\/2023\/07\/335441897_2723054191170468_8235298199882622098_n.jpg 2048w\" sizes=\"auto, (max-width: 1024px) 100vw, 1024px\" \/><\/figure>\n\n\n\n<figure class=\"wp-block-image size-large\"><img loading=\"lazy\" decoding=\"async\" width=\"1024\" height=\"768\" data-id=\"286\" src=\"https:\/\/nuevaesperanza.mx\/wp-content\/uploads\/2023\/07\/335442344_1603281573468233_7923540190773972255_n-1024x768.jpg\" alt=\"\" class=\"wp-image-286\" srcset=\"https:\/\/nuevaesperanza.mx\/wp-content\/uploads\/2023\/07\/335442344_1603281573468233_7923540190773972255_n-1024x768.jpg 1024w, https:\/\/nuevaesperanza.mx\/wp-content\/uploads\/2023\/07\/335442344_1603281573468233_7923540190773972255_n-300x225.jpg 300w, https:\/\/nuevaesperanza.mx\/wp-content\/uploads\/2023\/07\/335442344_1603281573468233_7923540190773972255_n-768x576.jpg 768w, https:\/\/nuevaesperanza.mx\/wp-content\/uploads\/2023\/07\/335442344_1603281573468233_7923540190773972255_n-1536x1152.jpg 1536w, https:\/\/nuevaesperanza.mx\/wp-content\/uploads\/2023\/07\/335442344_1603281573468233_7923540190773972255_n.jpg 2048w\" sizes=\"auto, (max-width: 1024px) 100vw, 1024px\" \/><\/figure>\n\n\n\n<figure class=\"wp-block-image size-large\"><img loading=\"lazy\" decoding=\"async\" width=\"1024\" height=\"768\" data-id=\"292\" src=\"https:\/\/nuevaesperanza.mx\/wp-content\/uploads\/2023\/07\/335478302_756997156130402_3012013311041945285_n-1024x768.jpg\" alt=\"\" class=\"wp-image-292\" srcset=\"https:\/\/nuevaesperanza.mx\/wp-content\/uploads\/2023\/07\/335478302_756997156130402_3012013311041945285_n-1024x768.jpg 1024w, https:\/\/nuevaesperanza.mx\/wp-content\/uploads\/2023\/07\/335478302_756997156130402_3012013311041945285_n-300x225.jpg 300w, https:\/\/nuevaesperanza.mx\/wp-content\/uploads\/2023\/07\/335478302_756997156130402_3012013311041945285_n-768x576.jpg 768w, https:\/\/nuevaesperanza.mx\/wp-content\/uploads\/2023\/07\/335478302_756997156130402_3012013311041945285_n-1536x1152.jpg 1536w, https:\/\/nuevaesperanza.mx\/wp-content\/uploads\/2023\/07\/335478302_756997156130402_3012013311041945285_n.jpg 2048w\" sizes=\"auto, (max-width: 1024px) 100vw, 1024px\" \/><\/figure>\n\n\n\n<figure class=\"wp-block-image size-large\"><img loading=\"lazy\" decoding=\"async\" width=\"1024\" height=\"768\" data-id=\"289\" src=\"https:\/\/nuevaesperanza.mx\/wp-content\/uploads\/2023\/07\/335940171_613972960621278_3672421604321756238_n-1024x768.jpg\" alt=\"\" class=\"wp-image-289\" srcset=\"https:\/\/nuevaesperanza.mx\/wp-content\/uploads\/2023\/07\/335940171_613972960621278_3672421604321756238_n-1024x768.jpg 1024w, https:\/\/nuevaesperanza.mx\/wp-content\/uploads\/2023\/07\/335940171_613972960621278_3672421604321756238_n-300x225.jpg 300w, https:\/\/nuevaesperanza.mx\/wp-content\/uploads\/2023\/07\/335940171_613972960621278_3672421604321756238_n-768x576.jpg 768w, https:\/\/nuevaesperanza.mx\/wp-content\/uploads\/2023\/07\/335940171_613972960621278_3672421604321756238_n-1536x1152.jpg 1536w, https:\/\/nuevaesperanza.mx\/wp-content\/uploads\/2023\/07\/335940171_613972960621278_3672421604321756238_n.jpg 2048w\" sizes=\"auto, (max-width: 1024px) 100vw, 1024px\" \/><\/figure>\n\n\n\n<figure class=\"wp-block-image size-large\"><img loading=\"lazy\" decoding=\"async\" width=\"1024\" height=\"768\" data-id=\"287\" src=\"https:\/\/nuevaesperanza.mx\/wp-content\/uploads\/2023\/07\/335985872_502248185249615_6946519886733670266_n-1024x768.jpg\" alt=\"\" class=\"wp-image-287\" srcset=\"https:\/\/nuevaesperanza.mx\/wp-content\/uploads\/2023\/07\/335985872_502248185249615_6946519886733670266_n-1024x768.jpg 1024w, https:\/\/nuevaesperanza.mx\/wp-content\/uploads\/2023\/07\/335985872_502248185249615_6946519886733670266_n-300x225.jpg 300w, https:\/\/nuevaesperanza.mx\/wp-content\/uploads\/2023\/07\/335985872_502248185249615_6946519886733670266_n-768x576.jpg 768w, https:\/\/nuevaesperanza.mx\/wp-content\/uploads\/2023\/07\/335985872_502248185249615_6946519886733670266_n-1536x1152.jpg 1536w, https:\/\/nuevaesperanza.mx\/wp-content\/uploads\/2023\/07\/335985872_502248185249615_6946519886733670266_n.jpg 2048w\" sizes=\"auto, (max-width: 1024px) 100vw, 1024px\" \/><\/figure>\n\n\n\n<figure class=\"wp-block-image size-large\"><img loading=\"lazy\" decoding=\"async\" width=\"1024\" height=\"768\" data-id=\"285\" src=\"https:\/\/nuevaesperanza.mx\/wp-content\/uploads\/2023\/07\/336360634_898712331178284_9000987184163695554_n-1024x768.jpg\" alt=\"\" class=\"wp-image-285\" srcset=\"https:\/\/nuevaesperanza.mx\/wp-content\/uploads\/2023\/07\/336360634_898712331178284_9000987184163695554_n-1024x768.jpg 1024w, https:\/\/nuevaesperanza.mx\/wp-content\/uploads\/2023\/07\/336360634_898712331178284_9000987184163695554_n-300x225.jpg 300w, https:\/\/nuevaesperanza.mx\/wp-content\/uploads\/2023\/07\/336360634_898712331178284_9000987184163695554_n-768x576.jpg 768w, https:\/\/nuevaesperanza.mx\/wp-content\/uploads\/2023\/07\/336360634_898712331178284_9000987184163695554_n-1536x1152.jpg 1536w, https:\/\/nuevaesperanza.mx\/wp-content\/uploads\/2023\/07\/336360634_898712331178284_9000987184163695554_n.jpg 2048w\" sizes=\"auto, (max-width: 1024px) 100vw, 1024px\" \/><\/figure>\n\n\n\n<figure class=\"wp-block-image size-large\"><img loading=\"lazy\" decoding=\"async\" width=\"1024\" height=\"768\" data-id=\"290\" src=\"https:\/\/nuevaesperanza.mx\/wp-content\/uploads\/2023\/07\/336371051_758078715654857_2993591106690195916_n-1024x768.jpg\" alt=\"\" class=\"wp-image-290\" srcset=\"https:\/\/nuevaesperanza.mx\/wp-content\/uploads\/2023\/07\/336371051_758078715654857_2993591106690195916_n-1024x768.jpg 1024w, https:\/\/nuevaesperanza.mx\/wp-content\/uploads\/2023\/07\/336371051_758078715654857_2993591106690195916_n-300x225.jpg 300w, https:\/\/nuevaesperanza.mx\/wp-content\/uploads\/2023\/07\/336371051_758078715654857_2993591106690195916_n-768x576.jpg 768w, https:\/\/nuevaesperanza.mx\/wp-content\/uploads\/2023\/07\/336371051_758078715654857_2993591106690195916_n-1536x1152.jpg 1536w, https:\/\/nuevaesperanza.mx\/wp-content\/uploads\/2023\/07\/336371051_758078715654857_2993591106690195916_n.jpg 2048w\" sizes=\"auto, (max-width: 1024px) 100vw, 1024px\" \/><\/figure>\n\n\n\n<figure class=\"wp-block-image size-large\"><img loading=\"lazy\" decoding=\"async\" width=\"1024\" height=\"768\" data-id=\"295\" src=\"https:\/\/nuevaesperanza.mx\/wp-content\/uploads\/2023\/07\/336373895_763846838360290_8004138890540441506_n-1024x768.jpg\" alt=\"\" class=\"wp-image-295\" srcset=\"https:\/\/nuevaesperanza.mx\/wp-content\/uploads\/2023\/07\/336373895_763846838360290_8004138890540441506_n-1024x768.jpg 1024w, https:\/\/nuevaesperanza.mx\/wp-content\/uploads\/2023\/07\/336373895_763846838360290_8004138890540441506_n-300x225.jpg 300w, https:\/\/nuevaesperanza.mx\/wp-content\/uploads\/2023\/07\/336373895_763846838360290_8004138890540441506_n-768x576.jpg 768w, https:\/\/nuevaesperanza.mx\/wp-content\/uploads\/2023\/07\/336373895_763846838360290_8004138890540441506_n-1536x1152.jpg 1536w, https:\/\/nuevaesperanza.mx\/wp-content\/uploads\/2023\/07\/336373895_763846838360290_8004138890540441506_n.jpg 2048w\" sizes=\"auto, (max-width: 1024px) 100vw, 1024px\" \/><\/figure>\n\n\n\n<figure class=\"wp-block-image size-large\"><img loading=\"lazy\" decoding=\"async\" width=\"1024\" height=\"768\" data-id=\"294\" src=\"https:\/\/nuevaesperanza.mx\/wp-content\/uploads\/2023\/07\/336380923_617900250162610_1741429294285829991_n-1024x768.jpg\" alt=\"\" class=\"wp-image-294\" srcset=\"https:\/\/nuevaesperanza.mx\/wp-content\/uploads\/2023\/07\/336380923_617900250162610_1741429294285829991_n-1024x768.jpg 1024w, https:\/\/nuevaesperanza.mx\/wp-content\/uploads\/2023\/07\/336380923_617900250162610_1741429294285829991_n-300x225.jpg 300w, https:\/\/nuevaesperanza.mx\/wp-content\/uploads\/2023\/07\/336380923_617900250162610_1741429294285829991_n-768x576.jpg 768w, https:\/\/nuevaesperanza.mx\/wp-content\/uploads\/2023\/07\/336380923_617900250162610_1741429294285829991_n-1536x1152.jpg 1536w, https:\/\/nuevaesperanza.mx\/wp-content\/uploads\/2023\/07\/336380923_617900250162610_1741429294285829991_n.jpg 2048w\" sizes=\"auto, (max-width: 1024px) 100vw, 1024px\" \/><\/figure>\n\n\n\n<figure class=\"wp-block-image size-large\"><img loading=\"lazy\" decoding=\"async\" width=\"1024\" height=\"768\" data-id=\"288\" src=\"https:\/\/nuevaesperanza.mx\/wp-content\/uploads\/2023\/07\/336380006_139587839040383_1826351000808016774_n-1024x768.jpg\" alt=\"\" class=\"wp-image-288\" srcset=\"https:\/\/nuevaesperanza.mx\/wp-content\/uploads\/2023\/07\/336380006_139587839040383_1826351000808016774_n-1024x768.jpg 1024w, https:\/\/nuevaesperanza.mx\/wp-content\/uploads\/2023\/07\/336380006_139587839040383_1826351000808016774_n-300x225.jpg 300w, https:\/\/nuevaesperanza.mx\/wp-content\/uploads\/2023\/07\/336380006_139587839040383_1826351000808016774_n-768x576.jpg 768w, https:\/\/nuevaesperanza.mx\/wp-content\/uploads\/2023\/07\/336380006_139587839040383_1826351000808016774_n-1536x1152.jpg 1536w, https:\/\/nuevaesperanza.mx\/wp-content\/uploads\/2023\/07\/336380006_139587839040383_1826351000808016774_n.jpg 2048w\" sizes=\"auto, (max-width: 1024px) 100vw, 1024px\" \/><\/figure>\n\n\n\n<figure class=\"wp-block-image size-large\"><img loading=\"lazy\" decoding=\"async\" width=\"1024\" height=\"768\" data-id=\"291\" src=\"https:\/\/nuevaesperanza.mx\/wp-content\/uploads\/2023\/07\/336482692_719986073000222_541587385780480645_n-1024x768.jpg\" alt=\"\" class=\"wp-image-291\" srcset=\"https:\/\/nuevaesperanza.mx\/wp-content\/uploads\/2023\/07\/336482692_719986073000222_541587385780480645_n-1024x768.jpg 1024w, https:\/\/nuevaesperanza.mx\/wp-content\/uploads\/2023\/07\/336482692_719986073000222_541587385780480645_n-300x225.jpg 300w, https:\/\/nuevaesperanza.mx\/wp-content\/uploads\/2023\/07\/336482692_719986073000222_541587385780480645_n-768x576.jpg 768w, https:\/\/nuevaesperanza.mx\/wp-content\/uploads\/2023\/07\/336482692_719986073000222_541587385780480645_n-1536x1152.jpg 1536w, https:\/\/nuevaesperanza.mx\/wp-content\/uploads\/2023\/07\/336482692_719986073000222_541587385780480645_n.jpg 2048w\" sizes=\"auto, (max-width: 1024px) 100vw, 1024px\" \/><\/figure>\n\n\n\n<figure class=\"wp-block-image size-large\"><img loading=\"lazy\" decoding=\"async\" width=\"1024\" height=\"768\" data-id=\"293\" src=\"https:\/\/nuevaesperanza.mx\/wp-content\/uploads\/2023\/07\/336536135_1874975266228802_712558745625725480_n-1024x768.jpg\" alt=\"\" class=\"wp-image-293\" srcset=\"https:\/\/nuevaesperanza.mx\/wp-content\/uploads\/2023\/07\/336536135_1874975266228802_712558745625725480_n-1024x768.jpg 1024w, https:\/\/nuevaesperanza.mx\/wp-content\/uploads\/2023\/07\/336536135_1874975266228802_712558745625725480_n-300x225.jpg 300w, https:\/\/nuevaesperanza.mx\/wp-content\/uploads\/2023\/07\/336536135_1874975266228802_712558745625725480_n-768x576.jpg 768w, https:\/\/nuevaesperanza.mx\/wp-content\/uploads\/2023\/07\/336536135_1874975266228802_712558745625725480_n-1536x1152.jpg 1536w, https:\/\/nuevaesperanza.mx\/wp-content\/uploads\/2023\/07\/336536135_1874975266228802_712558745625725480_n.jpg 2048w\" sizes=\"auto, (max-width: 1024px) 100vw, 1024px\" \/><\/figure>\n\n\n\n<figure class=\"wp-block-image size-large\"><img loading=\"lazy\" decoding=\"async\" width=\"768\" height=\"1024\" data-id=\"552\" src=\"https:\/\/nuevaesperanza.mx\/wp-content\/uploads\/2023\/07\/274735301_960780727908817_2435871149661488005_n-768x1024.jpg\" alt=\"\" class=\"wp-image-552\" srcset=\"https:\/\/nuevaesperanza.mx\/wp-content\/uploads\/2023\/07\/274735301_960780727908817_2435871149661488005_n-768x1024.jpg 768w, https:\/\/nuevaesperanza.mx\/wp-content\/uploads\/2023\/07\/274735301_960780727908817_2435871149661488005_n-225x300.jpg 225w, https:\/\/nuevaesperanza.mx\/wp-content\/uploads\/2023\/07\/274735301_960780727908817_2435871149661488005_n-1152x1536.jpg 1152w, https:\/\/nuevaesperanza.mx\/wp-content\/uploads\/2023\/07\/274735301_960780727908817_2435871149661488005_n.jpg 1536w\" sizes=\"auto, (max-width: 768px) 100vw, 768px\" \/><\/figure>\n\n\n\n<figure class=\"wp-block-image size-large\"><img loading=\"lazy\" decoding=\"async\" width=\"1024\" height=\"765\" data-id=\"553\" src=\"https:\/\/nuevaesperanza.mx\/wp-content\/uploads\/2023\/07\/274858017_961377004515856_6322645903538479620_n-1024x765.jpg\" alt=\"\" class=\"wp-image-553\" srcset=\"https:\/\/nuevaesperanza.mx\/wp-content\/uploads\/2023\/07\/274858017_961377004515856_6322645903538479620_n-1024x765.jpg 1024w, https:\/\/nuevaesperanza.mx\/wp-content\/uploads\/2023\/07\/274858017_961377004515856_6322645903538479620_n-300x224.jpg 300w, https:\/\/nuevaesperanza.mx\/wp-content\/uploads\/2023\/07\/274858017_961377004515856_6322645903538479620_n-768x574.jpg 768w, https:\/\/nuevaesperanza.mx\/wp-content\/uploads\/2023\/07\/274858017_961377004515856_6322645903538479620_n-1536x1148.jpg 1536w, https:\/\/nuevaesperanza.mx\/wp-content\/uploads\/2023\/07\/274858017_961377004515856_6322645903538479620_n.jpg 2048w\" sizes=\"auto, (max-width: 1024px) 100vw, 1024px\" \/><\/figure>\n\n\n\n<figure class=\"wp-block-image size-large\"><img loading=\"lazy\" decoding=\"async\" width=\"1024\" height=\"765\" data-id=\"554\" src=\"https:\/\/nuevaesperanza.mx\/wp-content\/uploads\/2023\/07\/275050352_961377041182519_2295978918802429590_n-1024x765.jpg\" alt=\"\" class=\"wp-image-554\" srcset=\"https:\/\/nuevaesperanza.mx\/wp-content\/uploads\/2023\/07\/275050352_961377041182519_2295978918802429590_n-1024x765.jpg 1024w, https:\/\/nuevaesperanza.mx\/wp-content\/uploads\/2023\/07\/275050352_961377041182519_2295978918802429590_n-300x224.jpg 300w, https:\/\/nuevaesperanza.mx\/wp-content\/uploads\/2023\/07\/275050352_961377041182519_2295978918802429590_n-768x574.jpg 768w, https:\/\/nuevaesperanza.mx\/wp-content\/uploads\/2023\/07\/275050352_961377041182519_2295978918802429590_n-1536x1148.jpg 1536w, https:\/\/nuevaesperanza.mx\/wp-content\/uploads\/2023\/07\/275050352_961377041182519_2295978918802429590_n.jpg 2048w\" sizes=\"auto, (max-width: 1024px) 100vw, 1024px\" \/><\/figure>\n\n\n\n<figure class=\"wp-block-image size-large\"><img loading=\"lazy\" decoding=\"async\" width=\"1024\" height=\"765\" data-id=\"555\" src=\"https:\/\/nuevaesperanza.mx\/wp-content\/uploads\/2023\/07\/275088351_961376691182554_71602822956079428_n-1024x765.jpg\" alt=\"\" class=\"wp-image-555\" srcset=\"https:\/\/nuevaesperanza.mx\/wp-content\/uploads\/2023\/07\/275088351_961376691182554_71602822956079428_n-1024x765.jpg 1024w, https:\/\/nuevaesperanza.mx\/wp-content\/uploads\/2023\/07\/275088351_961376691182554_71602822956079428_n-300x224.jpg 300w, https:\/\/nuevaesperanza.mx\/wp-content\/uploads\/2023\/07\/275088351_961376691182554_71602822956079428_n-768x574.jpg 768w, https:\/\/nuevaesperanza.mx\/wp-content\/uploads\/2023\/07\/275088351_961376691182554_71602822956079428_n-1536x1148.jpg 1536w, https:\/\/nuevaesperanza.mx\/wp-content\/uploads\/2023\/07\/275088351_961376691182554_71602822956079428_n.jpg 2048w\" sizes=\"auto, (max-width: 1024px) 100vw, 1024px\" \/><\/figure>\n\n\n\n<figure class=\"wp-block-image size-large\"><img loading=\"lazy\" decoding=\"async\" width=\"1024\" height=\"1024\" data-id=\"557\" src=\"https:\/\/nuevaesperanza.mx\/wp-content\/uploads\/2023\/07\/289639479_1030957580891131_6093804026116436371_n-1024x1024.jpg\" alt=\"\" class=\"wp-image-557\" srcset=\"https:\/\/nuevaesperanza.mx\/wp-content\/uploads\/2023\/07\/289639479_1030957580891131_6093804026116436371_n-1024x1024.jpg 1024w, https:\/\/nuevaesperanza.mx\/wp-content\/uploads\/2023\/07\/289639479_1030957580891131_6093804026116436371_n-300x300.jpg 300w, https:\/\/nuevaesperanza.mx\/wp-content\/uploads\/2023\/07\/289639479_1030957580891131_6093804026116436371_n-150x150.jpg 150w, https:\/\/nuevaesperanza.mx\/wp-content\/uploads\/2023\/07\/289639479_1030957580891131_6093804026116436371_n-768x768.jpg 768w, https:\/\/nuevaesperanza.mx\/wp-content\/uploads\/2023\/07\/289639479_1030957580891131_6093804026116436371_n-1536x1536.jpg 1536w, https:\/\/nuevaesperanza.mx\/wp-content\/uploads\/2023\/07\/289639479_1030957580891131_6093804026116436371_n.jpg 1936w\" sizes=\"auto, (max-width: 1024px) 100vw, 1024px\" \/><\/figure>\n\n\n\n<figure class=\"wp-block-image size-large\"><img loading=\"lazy\" decoding=\"async\" width=\"1024\" height=\"683\" data-id=\"556\" src=\"https:\/\/nuevaesperanza.mx\/wp-content\/uploads\/2023\/07\/279811469_999186580734898_5111897135554070604_n-1024x683.jpg\" alt=\"\" class=\"wp-image-556\" srcset=\"https:\/\/nuevaesperanza.mx\/wp-content\/uploads\/2023\/07\/279811469_999186580734898_5111897135554070604_n-1024x683.jpg 1024w, https:\/\/nuevaesperanza.mx\/wp-content\/uploads\/2023\/07\/279811469_999186580734898_5111897135554070604_n-300x200.jpg 300w, https:\/\/nuevaesperanza.mx\/wp-content\/uploads\/2023\/07\/279811469_999186580734898_5111897135554070604_n-768x512.jpg 768w, https:\/\/nuevaesperanza.mx\/wp-content\/uploads\/2023\/07\/279811469_999186580734898_5111897135554070604_n-1536x1024.jpg 1536w, https:\/\/nuevaesperanza.mx\/wp-content\/uploads\/2023\/07\/279811469_999186580734898_5111897135554070604_n.jpg 2048w\" sizes=\"auto, (max-width: 1024px) 100vw, 1024px\" \/><\/figure>\n\n\n\n<figure class=\"wp-block-image size-large\"><img loading=\"lazy\" decoding=\"async\" width=\"922\" height=\"1024\" data-id=\"558\" src=\"https:\/\/nuevaesperanza.mx\/wp-content\/uploads\/2023\/07\/290131855_1030957277557828_1904836773939945532_n-922x1024.jpg\" alt=\"\" class=\"wp-image-558\" srcset=\"https:\/\/nuevaesperanza.mx\/wp-content\/uploads\/2023\/07\/290131855_1030957277557828_1904836773939945532_n-922x1024.jpg 922w, https:\/\/nuevaesperanza.mx\/wp-content\/uploads\/2023\/07\/290131855_1030957277557828_1904836773939945532_n-270x300.jpg 270w, https:\/\/nuevaesperanza.mx\/wp-content\/uploads\/2023\/07\/290131855_1030957277557828_1904836773939945532_n-768x853.jpg 768w, https:\/\/nuevaesperanza.mx\/wp-content\/uploads\/2023\/07\/290131855_1030957277557828_1904836773939945532_n-1384x1536.jpg 1384w, https:\/\/nuevaesperanza.mx\/wp-content\/uploads\/2023\/07\/290131855_1030957277557828_1904836773939945532_n.jpg 1443w\" sizes=\"auto, (max-width: 922px) 100vw, 922px\" \/><\/figure>\n\n\n\n<figure class=\"wp-block-image size-large\"><img loading=\"lazy\" decoding=\"async\" width=\"1024\" height=\"769\" data-id=\"559\" src=\"https:\/\/nuevaesperanza.mx\/wp-content\/uploads\/2023\/07\/324239263_1134520813858830_974974491714337803_n-1024x769.jpg\" alt=\"\" class=\"wp-image-559\" srcset=\"https:\/\/nuevaesperanza.mx\/wp-content\/uploads\/2023\/07\/324239263_1134520813858830_974974491714337803_n-1024x769.jpg 1024w, https:\/\/nuevaesperanza.mx\/wp-content\/uploads\/2023\/07\/324239263_1134520813858830_974974491714337803_n-300x225.jpg 300w, https:\/\/nuevaesperanza.mx\/wp-content\/uploads\/2023\/07\/324239263_1134520813858830_974974491714337803_n-768x577.jpg 768w, https:\/\/nuevaesperanza.mx\/wp-content\/uploads\/2023\/07\/324239263_1134520813858830_974974491714337803_n-1536x1154.jpg 1536w, https:\/\/nuevaesperanza.mx\/wp-content\/uploads\/2023\/07\/324239263_1134520813858830_974974491714337803_n.jpg 2048w\" sizes=\"auto, (max-width: 1024px) 100vw, 1024px\" \/><\/figure>\n\n\n\n<figure class=\"wp-block-image size-large\"><img loading=\"lazy\" decoding=\"async\" width=\"1024\" height=\"768\" data-id=\"560\" src=\"https:\/\/nuevaesperanza.mx\/wp-content\/uploads\/2023\/07\/336360634_898712331178284_9000987184163695554_n-1-1024x768.jpg\" alt=\"\" class=\"wp-image-560\" srcset=\"https:\/\/nuevaesperanza.mx\/wp-content\/uploads\/2023\/07\/336360634_898712331178284_9000987184163695554_n-1-1024x768.jpg 1024w, https:\/\/nuevaesperanza.mx\/wp-content\/uploads\/2023\/07\/336360634_898712331178284_9000987184163695554_n-1-300x225.jpg 300w, https:\/\/nuevaesperanza.mx\/wp-content\/uploads\/2023\/07\/336360634_898712331178284_9000987184163695554_n-1-768x576.jpg 768w, https:\/\/nuevaesperanza.mx\/wp-content\/uploads\/2023\/07\/336360634_898712331178284_9000987184163695554_n-1-1536x1152.jpg 1536w, https:\/\/nuevaesperanza.mx\/wp-content\/uploads\/2023\/07\/336360634_898712331178284_9000987184163695554_n-1.jpg 2048w\" sizes=\"auto, (max-width: 1024px) 100vw, 1024px\" \/><\/figure>\n<\/figure>\n","protected":false},"excerpt":{"rendered":"<p>La Iglesia Cristiana Nueva Esperanza \u00abLa Raza\u00bb nace de la necesidad de llevar el evangelio a m\u00e1s personas dentro de la ciudad de Pachuca. Se ubica en la colonia La Raza en Sal\u00f3n de Eventos. Calle Independencia # 311, Explanada Cerro de Cubitos, Pachuca. CELEBRACIONES: DOMINGOS 10:30 AM ERES BIENVENIDO El pasado mes de marzo, celebramos el 1er Aniversario de Nueva Esperanza La Raza. Damos Gloria a Dios. S\u00ed, el&nbsp;Se\u00f1or&nbsp;ha hecho grandes cosas por nosotros,&nbsp;&nbsp;&nbsp;&nbsp;y eso nos llena de alegr\u00eda. Salmos 126:3<\/p>\n","protected":false},"author":1,"featured_media":0,"parent":0,"menu_order":0,"comment_status":"closed","ping_status":"closed","template":"","meta":{"footnotes":""},"class_list":["post-149","page","type-page","status-publish","hentry"],"_links":{"self":[{"href":"https:\/\/nuevaesperanza.mx\/index.php?rest_route=\/wp\/v2\/pages\/149","targetHints":{"allow":["GET"]}}],"collection":[{"href":"https:\/\/nuevaesperanza.mx\/index.php?rest_route=\/wp\/v2\/pages"}],"about":[{"href":"https:\/\/nuevaesperanza.mx\/index.php?rest_route=\/wp\/v2\/types\/page"}],"author":[{"embeddable":true,"href":"https:\/\/nuevaesperanza.mx\/index.php?rest_route=\/wp\/v2\/users\/1"}],"replies":[{"embeddable":true,"href":"https:\/\/nuevaesperanza.mx\/index.php?rest_route=%2Fwp%2Fv2%2Fcomments&post=149"}],"version-history":[{"count":5,"href":"https:\/\/nuevaesperanza.mx\/index.php?rest_route=\/wp\/v2\/pages\/149\/revisions"}],"predecessor-version":[{"id":562,"href":"https:\/\/nuevaesperanza.mx\/index.php?rest_route=\/wp\/v2\/pages\/149\/revisions\/562"}],"wp:attachment":[{"href":"https:\/\/nuevaesperanza.mx\/index.php?rest_route=%2Fwp%2Fv2%2Fmedia&parent=149"}],"curies":[{"name":"wp","href":"https:\/\/api.w.org\/{rel}","templated":true}]}}