{"id":154,"date":"2023-07-05T20:11:40","date_gmt":"2023-07-05T20:11:40","guid":{"rendered":"https:\/\/nuevaesperanza.mx\/?page_id=154"},"modified":"2023-07-19T20:07:41","modified_gmt":"2023-07-19T20:07:41","slug":"pastores-y-ancianos","status":"publish","type":"page","link":"https:\/\/nuevaesperanza.mx\/?page_id=154","title":{"rendered":"PASTORES Y ANCIANOS"},"content":{"rendered":"\n<p class=\"has-text-align-left\"><br>La Iglesia Cristiana Nueva Esperanza es una Iglesia independiente con un gobierno local, integrado por una pluralidad de Ancianos presididos por el Pastor Principal de la Iglesia.<\/p>\n\n\n\n<p class=\"has-text-align-center\"><br><em>En cada iglesia nombraron ancianos y, con oraci\u00f3n y ayuno,<br>los encomendaron al Se\u00f1or, en quien hab\u00edan cre\u00eddo.<br>Hechos 14:23<\/em><\/p>\n\n\n\n<figure class=\"wp-block-pullquote\"><blockquote><p>\u00ab<sup>&nbsp;<\/sup>Les dar\u00e9 pastores que cumplan mi voluntad, para que los gu\u00eden con sabidur\u00eda y entendimiento.\u00bb<br><\/p><cite>Jerem\u00edas 3:15 nvi<\/cite><\/blockquote><\/figure>\n","protected":false},"excerpt":{"rendered":"<p>La Iglesia Cristiana Nueva Esperanza es una Iglesia independiente con un gobierno local, integrado por una pluralidad de Ancianos presididos por el Pastor Principal de la Iglesia. En cada iglesia nombraron ancianos y, con oraci\u00f3n y ayuno,los encomendaron al Se\u00f1or, en quien hab\u00edan cre\u00eddo.Hechos 14:23 \u00ab&nbsp;Les dar\u00e9 pastores que cumplan mi voluntad, para que los gu\u00eden con sabidur\u00eda y entendimiento.\u00bb Jerem\u00edas 3:15 nvi<\/p>\n","protected":false},"author":1,"featured_media":0,"parent":0,"menu_order":0,"comment_status":"closed","ping_status":"closed","template":"","meta":{"footnotes":""},"class_list":["post-154","page","type-page","status-publish","hentry"],"_links":{"self":[{"href":"https:\/\/nuevaesperanza.mx\/index.php?rest_route=\/wp\/v2\/pages\/154","targetHints":{"allow":["GET"]}}],"collection":[{"href":"https:\/\/nuevaesperanza.mx\/index.php?rest_route=\/wp\/v2\/pages"}],"about":[{"href":"https:\/\/nuevaesperanza.mx\/index.php?rest_route=\/wp\/v2\/types\/page"}],"author":[{"embeddable":true,"href":"https:\/\/nuevaesperanza.mx\/index.php?rest_route=\/wp\/v2\/users\/1"}],"replies":[{"embeddable":true,"href":"https:\/\/nuevaesperanza.mx\/index.php?rest_route=%2Fwp%2Fv2%2Fcomments&post=154"}],"version-history":[{"count":3,"href":"https:\/\/nuevaesperanza.mx\/index.php?rest_route=\/wp\/v2\/pages\/154\/revisions"}],"predecessor-version":[{"id":430,"href":"https:\/\/nuevaesperanza.mx\/index.php?rest_route=\/wp\/v2\/pages\/154\/revisions\/430"}],"wp:attachment":[{"href":"https:\/\/nuevaesperanza.mx\/index.php?rest_route=%2Fwp%2Fv2%2Fmedia&parent=154"}],"curies":[{"name":"wp","href":"https:\/\/api.w.org\/{rel}","templated":true}]}}