{"id":168,"date":"2023-07-05T20:24:17","date_gmt":"2023-07-05T20:24:17","guid":{"rendered":"https:\/\/nuevaesperanza.mx\/?page_id=168"},"modified":"2023-09-05T23:51:37","modified_gmt":"2023-09-05T23:51:37","slug":"media","status":"publish","type":"page","link":"https:\/\/nuevaesperanza.mx\/?page_id=168","title":{"rendered":"MEDIOS"},"content":{"rendered":"\n<figure class=\"wp-block-pullquote\"><blockquote><p><sup>\u00a0<\/sup>Hagan lo que hagan, trabajen de buena gana, como para el Se\u00f1or y no como para nadie en este mundo,\u00a0conscientes de que el Se\u00f1or los recompensar\u00e1 con la herencia. Ustedes sirven a Cristo el Se\u00f1or.<\/p><cite>Colosenses 3:23-24<\/cite><\/blockquote><\/figure>\n\n\n\n<figure class=\"wp-block-gallery has-nested-images columns-default is-cropped wp-block-gallery-1 is-layout-flex wp-block-gallery-is-layout-flex\">\n<figure class=\"wp-block-image\"><img decoding=\"async\" src=\"https:\/\/nuevaesperanza.mx\/wp-content\/uploads\/2023\/07\/345651221_581638467392746_1744424090554225691_n-1024x683.jpg\" alt=\"La imagen tiene un atributo ALT vac\u00edo; su nombre de archivo es 345651221_581638467392746_1744424090554225691_n-1024x683.jpg\"\/><\/figure>\n\n\n\n<figure class=\"wp-block-image size-large\"><img loading=\"lazy\" decoding=\"async\" width=\"960\" height=\"720\" data-id=\"456\" src=\"https:\/\/nuevaesperanza.mx\/wp-content\/uploads\/2023\/07\/91684696_547037629283131_7909231019167842304_n.jpg\" alt=\"\" class=\"wp-image-456\" srcset=\"https:\/\/nuevaesperanza.mx\/wp-content\/uploads\/2023\/07\/91684696_547037629283131_7909231019167842304_n.jpg 960w, https:\/\/nuevaesperanza.mx\/wp-content\/uploads\/2023\/07\/91684696_547037629283131_7909231019167842304_n-300x225.jpg 300w, https:\/\/nuevaesperanza.mx\/wp-content\/uploads\/2023\/07\/91684696_547037629283131_7909231019167842304_n-768x576.jpg 768w\" sizes=\"auto, (max-width: 960px) 100vw, 960px\" \/><\/figure>\n\n\n\n<figure class=\"wp-block-image size-large\"><img loading=\"lazy\" decoding=\"async\" width=\"720\" height=\"960\" data-id=\"454\" src=\"https:\/\/nuevaesperanza.mx\/wp-content\/uploads\/2023\/07\/94883262_558338161486411_5602122459185676288_n.jpg\" alt=\"\" class=\"wp-image-454\" srcset=\"https:\/\/nuevaesperanza.mx\/wp-content\/uploads\/2023\/07\/94883262_558338161486411_5602122459185676288_n.jpg 720w, https:\/\/nuevaesperanza.mx\/wp-content\/uploads\/2023\/07\/94883262_558338161486411_5602122459185676288_n-225x300.jpg 225w\" sizes=\"auto, (max-width: 720px) 100vw, 720px\" \/><\/figure>\n\n\n\n<figure class=\"wp-block-image size-large\"><img loading=\"lazy\" decoding=\"async\" width=\"1024\" height=\"683\" data-id=\"459\" src=\"https:\/\/nuevaesperanza.mx\/wp-content\/uploads\/2023\/07\/135473262_722795961707296_8341171888121704937_n-1-1024x683.jpg\" alt=\"\" class=\"wp-image-459\" srcset=\"https:\/\/nuevaesperanza.mx\/wp-content\/uploads\/2023\/07\/135473262_722795961707296_8341171888121704937_n-1-1024x683.jpg 1024w, https:\/\/nuevaesperanza.mx\/wp-content\/uploads\/2023\/07\/135473262_722795961707296_8341171888121704937_n-1-300x200.jpg 300w, https:\/\/nuevaesperanza.mx\/wp-content\/uploads\/2023\/07\/135473262_722795961707296_8341171888121704937_n-1-768x512.jpg 768w, https:\/\/nuevaesperanza.mx\/wp-content\/uploads\/2023\/07\/135473262_722795961707296_8341171888121704937_n-1-1536x1024.jpg 1536w, https:\/\/nuevaesperanza.mx\/wp-content\/uploads\/2023\/07\/135473262_722795961707296_8341171888121704937_n-1.jpg 2048w\" sizes=\"auto, (max-width: 1024px) 100vw, 1024px\" \/><\/figure>\n\n\n\n<figure class=\"wp-block-image size-large\"><img loading=\"lazy\" decoding=\"async\" width=\"1024\" height=\"683\" data-id=\"460\" src=\"https:\/\/nuevaesperanza.mx\/wp-content\/uploads\/2023\/07\/177141707_781762042477354_2375507600796746398_n-1024x683.jpg\" alt=\"\" class=\"wp-image-460\" srcset=\"https:\/\/nuevaesperanza.mx\/wp-content\/uploads\/2023\/07\/177141707_781762042477354_2375507600796746398_n-1024x683.jpg 1024w, https:\/\/nuevaesperanza.mx\/wp-content\/uploads\/2023\/07\/177141707_781762042477354_2375507600796746398_n-300x200.jpg 300w, https:\/\/nuevaesperanza.mx\/wp-content\/uploads\/2023\/07\/177141707_781762042477354_2375507600796746398_n-768x512.jpg 768w, https:\/\/nuevaesperanza.mx\/wp-content\/uploads\/2023\/07\/177141707_781762042477354_2375507600796746398_n-1536x1024.jpg 1536w, https:\/\/nuevaesperanza.mx\/wp-content\/uploads\/2023\/07\/177141707_781762042477354_2375507600796746398_n.jpg 2048w\" sizes=\"auto, (max-width: 1024px) 100vw, 1024px\" \/><\/figure>\n\n\n\n<figure class=\"wp-block-image size-large\"><img loading=\"lazy\" decoding=\"async\" width=\"1024\" height=\"768\" data-id=\"457\" src=\"https:\/\/nuevaesperanza.mx\/wp-content\/uploads\/2023\/07\/191660510_798303677489857_7368779724752549766_n-1024x768.jpg\" alt=\"\" class=\"wp-image-457\" srcset=\"https:\/\/nuevaesperanza.mx\/wp-content\/uploads\/2023\/07\/191660510_798303677489857_7368779724752549766_n-1024x768.jpg 1024w, https:\/\/nuevaesperanza.mx\/wp-content\/uploads\/2023\/07\/191660510_798303677489857_7368779724752549766_n-300x225.jpg 300w, https:\/\/nuevaesperanza.mx\/wp-content\/uploads\/2023\/07\/191660510_798303677489857_7368779724752549766_n-768x576.jpg 768w, https:\/\/nuevaesperanza.mx\/wp-content\/uploads\/2023\/07\/191660510_798303677489857_7368779724752549766_n-1536x1152.jpg 1536w, https:\/\/nuevaesperanza.mx\/wp-content\/uploads\/2023\/07\/191660510_798303677489857_7368779724752549766_n.jpg 2048w\" sizes=\"auto, (max-width: 1024px) 100vw, 1024px\" \/><\/figure>\n\n\n\n<figure class=\"wp-block-image size-large\"><img loading=\"lazy\" decoding=\"async\" width=\"1024\" height=\"683\" data-id=\"455\" src=\"https:\/\/nuevaesperanza.mx\/wp-content\/uploads\/2023\/07\/272758035_941678256485731_9204509705550891200_n-1024x683.jpg\" alt=\"\" class=\"wp-image-455\" srcset=\"https:\/\/nuevaesperanza.mx\/wp-content\/uploads\/2023\/07\/272758035_941678256485731_9204509705550891200_n-1024x683.jpg 1024w, https:\/\/nuevaesperanza.mx\/wp-content\/uploads\/2023\/07\/272758035_941678256485731_9204509705550891200_n-300x200.jpg 300w, https:\/\/nuevaesperanza.mx\/wp-content\/uploads\/2023\/07\/272758035_941678256485731_9204509705550891200_n-768x512.jpg 768w, https:\/\/nuevaesperanza.mx\/wp-content\/uploads\/2023\/07\/272758035_941678256485731_9204509705550891200_n-1536x1024.jpg 1536w, https:\/\/nuevaesperanza.mx\/wp-content\/uploads\/2023\/07\/272758035_941678256485731_9204509705550891200_n.jpg 2048w\" sizes=\"auto, (max-width: 1024px) 100vw, 1024px\" \/><\/figure>\n\n\n\n<figure class=\"wp-block-image size-large\"><img loading=\"lazy\" decoding=\"async\" width=\"1024\" height=\"683\" data-id=\"463\" src=\"https:\/\/nuevaesperanza.mx\/wp-content\/uploads\/2023\/07\/273275853_946215042698719_5783924970448263865_n-1024x683.jpg\" alt=\"\" class=\"wp-image-463\" srcset=\"https:\/\/nuevaesperanza.mx\/wp-content\/uploads\/2023\/07\/273275853_946215042698719_5783924970448263865_n-1024x683.jpg 1024w, https:\/\/nuevaesperanza.mx\/wp-content\/uploads\/2023\/07\/273275853_946215042698719_5783924970448263865_n-300x200.jpg 300w, https:\/\/nuevaesperanza.mx\/wp-content\/uploads\/2023\/07\/273275853_946215042698719_5783924970448263865_n-768x512.jpg 768w, https:\/\/nuevaesperanza.mx\/wp-content\/uploads\/2023\/07\/273275853_946215042698719_5783924970448263865_n-1536x1024.jpg 1536w, https:\/\/nuevaesperanza.mx\/wp-content\/uploads\/2023\/07\/273275853_946215042698719_5783924970448263865_n.jpg 2048w\" sizes=\"auto, (max-width: 1024px) 100vw, 1024px\" \/><\/figure>\n\n\n\n<figure class=\"wp-block-image size-large\"><img loading=\"lazy\" decoding=\"async\" width=\"1024\" height=\"683\" data-id=\"462\" src=\"https:\/\/nuevaesperanza.mx\/wp-content\/uploads\/2023\/07\/327349934_1146854029329926_6677691517845683142_n-1024x683.jpg\" alt=\"\" class=\"wp-image-462\" srcset=\"https:\/\/nuevaesperanza.mx\/wp-content\/uploads\/2023\/07\/327349934_1146854029329926_6677691517845683142_n-1024x683.jpg 1024w, https:\/\/nuevaesperanza.mx\/wp-content\/uploads\/2023\/07\/327349934_1146854029329926_6677691517845683142_n-300x200.jpg 300w, https:\/\/nuevaesperanza.mx\/wp-content\/uploads\/2023\/07\/327349934_1146854029329926_6677691517845683142_n-768x512.jpg 768w, https:\/\/nuevaesperanza.mx\/wp-content\/uploads\/2023\/07\/327349934_1146854029329926_6677691517845683142_n-1536x1024.jpg 1536w, https:\/\/nuevaesperanza.mx\/wp-content\/uploads\/2023\/07\/327349934_1146854029329926_6677691517845683142_n.jpg 2048w\" sizes=\"auto, (max-width: 1024px) 100vw, 1024px\" \/><\/figure>\n\n\n\n<figure class=\"wp-block-image size-large\"><img loading=\"lazy\" decoding=\"async\" width=\"1024\" height=\"683\" data-id=\"458\" src=\"https:\/\/nuevaesperanza.mx\/wp-content\/uploads\/2023\/07\/345651221_581638467392746_1744424090554225691_n-1024x683.jpg\" alt=\"\" class=\"wp-image-458\" srcset=\"https:\/\/nuevaesperanza.mx\/wp-content\/uploads\/2023\/07\/345651221_581638467392746_1744424090554225691_n-1024x683.jpg 1024w, https:\/\/nuevaesperanza.mx\/wp-content\/uploads\/2023\/07\/345651221_581638467392746_1744424090554225691_n-300x200.jpg 300w, https:\/\/nuevaesperanza.mx\/wp-content\/uploads\/2023\/07\/345651221_581638467392746_1744424090554225691_n-768x512.jpg 768w, https:\/\/nuevaesperanza.mx\/wp-content\/uploads\/2023\/07\/345651221_581638467392746_1744424090554225691_n-1536x1024.jpg 1536w, https:\/\/nuevaesperanza.mx\/wp-content\/uploads\/2023\/07\/345651221_581638467392746_1744424090554225691_n.jpg 2048w\" sizes=\"auto, (max-width: 1024px) 100vw, 1024px\" \/><\/figure>\n\n\n\n<figure class=\"wp-block-image size-large\"><img loading=\"lazy\" decoding=\"async\" width=\"1024\" height=\"683\" data-id=\"461\" src=\"https:\/\/nuevaesperanza.mx\/wp-content\/uploads\/2023\/07\/352099066_746842270571212_2186186193374650066_n-1024x683.jpg\" alt=\"\" class=\"wp-image-461\" srcset=\"https:\/\/nuevaesperanza.mx\/wp-content\/uploads\/2023\/07\/352099066_746842270571212_2186186193374650066_n-1024x683.jpg 1024w, https:\/\/nuevaesperanza.mx\/wp-content\/uploads\/2023\/07\/352099066_746842270571212_2186186193374650066_n-300x200.jpg 300w, https:\/\/nuevaesperanza.mx\/wp-content\/uploads\/2023\/07\/352099066_746842270571212_2186186193374650066_n-768x512.jpg 768w, https:\/\/nuevaesperanza.mx\/wp-content\/uploads\/2023\/07\/352099066_746842270571212_2186186193374650066_n-1536x1024.jpg 1536w, https:\/\/nuevaesperanza.mx\/wp-content\/uploads\/2023\/07\/352099066_746842270571212_2186186193374650066_n.jpg 2048w\" sizes=\"auto, (max-width: 1024px) 100vw, 1024px\" \/><\/figure>\n\n\n\n<figure class=\"wp-block-image size-large\"><img loading=\"lazy\" decoding=\"async\" width=\"567\" height=\"378\" data-id=\"666\" src=\"https:\/\/nuevaesperanza.mx\/wp-content\/uploads\/2023\/09\/Ministerio-Comuncacion-media-Iglesia-Cristiana-Nueva-Esperaza-1.jpg\" alt=\"\" class=\"wp-image-666\" srcset=\"https:\/\/nuevaesperanza.mx\/wp-content\/uploads\/2023\/09\/Ministerio-Comuncacion-media-Iglesia-Cristiana-Nueva-Esperaza-1.jpg 567w, https:\/\/nuevaesperanza.mx\/wp-content\/uploads\/2023\/09\/Ministerio-Comuncacion-media-Iglesia-Cristiana-Nueva-Esperaza-1-300x200.jpg 300w\" sizes=\"auto, (max-width: 567px) 100vw, 567px\" \/><\/figure>\n\n\n\n<figure class=\"wp-block-image size-large\"><img loading=\"lazy\" decoding=\"async\" width=\"567\" height=\"378\" data-id=\"660\" src=\"https:\/\/nuevaesperanza.mx\/wp-content\/uploads\/2023\/09\/Ministerio-Comuncacion-media-Iglesia-Cristiana-Nueva-Esperaza-2.jpg\" alt=\"\" class=\"wp-image-660\" srcset=\"https:\/\/nuevaesperanza.mx\/wp-content\/uploads\/2023\/09\/Ministerio-Comuncacion-media-Iglesia-Cristiana-Nueva-Esperaza-2.jpg 567w, https:\/\/nuevaesperanza.mx\/wp-content\/uploads\/2023\/09\/Ministerio-Comuncacion-media-Iglesia-Cristiana-Nueva-Esperaza-2-300x200.jpg 300w\" sizes=\"auto, (max-width: 567px) 100vw, 567px\" \/><\/figure>\n\n\n\n<figure class=\"wp-block-image size-large\"><img loading=\"lazy\" decoding=\"async\" width=\"567\" height=\"378\" data-id=\"673\" src=\"https:\/\/nuevaesperanza.mx\/wp-content\/uploads\/2023\/09\/Ministerio-Comuncacion-media-Iglesia-Cristiana-Nueva-Esperaza-3.jpg\" alt=\"\" class=\"wp-image-673\" srcset=\"https:\/\/nuevaesperanza.mx\/wp-content\/uploads\/2023\/09\/Ministerio-Comuncacion-media-Iglesia-Cristiana-Nueva-Esperaza-3.jpg 567w, https:\/\/nuevaesperanza.mx\/wp-content\/uploads\/2023\/09\/Ministerio-Comuncacion-media-Iglesia-Cristiana-Nueva-Esperaza-3-300x200.jpg 300w\" sizes=\"auto, (max-width: 567px) 100vw, 567px\" \/><\/figure>\n\n\n\n<figure class=\"wp-block-image size-large\"><img loading=\"lazy\" decoding=\"async\" width=\"567\" height=\"378\" data-id=\"667\" src=\"https:\/\/nuevaesperanza.mx\/wp-content\/uploads\/2023\/09\/Ministerio-Comuncacion-media-Iglesia-Cristiana-Nueva-Esperaza-4.jpg\" alt=\"\" class=\"wp-image-667\" srcset=\"https:\/\/nuevaesperanza.mx\/wp-content\/uploads\/2023\/09\/Ministerio-Comuncacion-media-Iglesia-Cristiana-Nueva-Esperaza-4.jpg 567w, https:\/\/nuevaesperanza.mx\/wp-content\/uploads\/2023\/09\/Ministerio-Comuncacion-media-Iglesia-Cristiana-Nueva-Esperaza-4-300x200.jpg 300w\" sizes=\"auto, (max-width: 567px) 100vw, 567px\" \/><\/figure>\n\n\n\n<figure class=\"wp-block-image size-large\"><img loading=\"lazy\" decoding=\"async\" width=\"567\" height=\"378\" data-id=\"670\" src=\"https:\/\/nuevaesperanza.mx\/wp-content\/uploads\/2023\/09\/Ministerio-Comuncacion-media-Iglesia-Cristiana-Nueva-Esperaza-5.jpg\" alt=\"\" class=\"wp-image-670\" srcset=\"https:\/\/nuevaesperanza.mx\/wp-content\/uploads\/2023\/09\/Ministerio-Comuncacion-media-Iglesia-Cristiana-Nueva-Esperaza-5.jpg 567w, https:\/\/nuevaesperanza.mx\/wp-content\/uploads\/2023\/09\/Ministerio-Comuncacion-media-Iglesia-Cristiana-Nueva-Esperaza-5-300x200.jpg 300w\" sizes=\"auto, (max-width: 567px) 100vw, 567px\" \/><\/figure>\n\n\n\n<figure class=\"wp-block-image size-large\"><img loading=\"lazy\" decoding=\"async\" width=\"567\" height=\"378\" data-id=\"672\" src=\"https:\/\/nuevaesperanza.mx\/wp-content\/uploads\/2023\/09\/Ministerio-Comuncacion-media-Iglesia-Cristiana-Nueva-Esperaza-6.jpg\" alt=\"\" class=\"wp-image-672\" srcset=\"https:\/\/nuevaesperanza.mx\/wp-content\/uploads\/2023\/09\/Ministerio-Comuncacion-media-Iglesia-Cristiana-Nueva-Esperaza-6.jpg 567w, https:\/\/nuevaesperanza.mx\/wp-content\/uploads\/2023\/09\/Ministerio-Comuncacion-media-Iglesia-Cristiana-Nueva-Esperaza-6-300x200.jpg 300w\" sizes=\"auto, (max-width: 567px) 100vw, 567px\" \/><\/figure>\n\n\n\n<figure class=\"wp-block-image size-large\"><img loading=\"lazy\" decoding=\"async\" width=\"567\" height=\"378\" data-id=\"661\" src=\"https:\/\/nuevaesperanza.mx\/wp-content\/uploads\/2023\/09\/Ministerio-Comuncacion-media-Iglesia-Cristiana-Nueva-Esperaza-7.jpg\" alt=\"\" class=\"wp-image-661\" srcset=\"https:\/\/nuevaesperanza.mx\/wp-content\/uploads\/2023\/09\/Ministerio-Comuncacion-media-Iglesia-Cristiana-Nueva-Esperaza-7.jpg 567w, https:\/\/nuevaesperanza.mx\/wp-content\/uploads\/2023\/09\/Ministerio-Comuncacion-media-Iglesia-Cristiana-Nueva-Esperaza-7-300x200.jpg 300w\" sizes=\"auto, (max-width: 567px) 100vw, 567px\" \/><\/figure>\n\n\n\n<figure class=\"wp-block-image size-large\"><img loading=\"lazy\" decoding=\"async\" width=\"567\" height=\"378\" data-id=\"662\" src=\"https:\/\/nuevaesperanza.mx\/wp-content\/uploads\/2023\/09\/Ministerio-Comuncacion-media-Iglesia-Cristiana-Nueva-Esperaza-8.jpg\" alt=\"\" class=\"wp-image-662\" srcset=\"https:\/\/nuevaesperanza.mx\/wp-content\/uploads\/2023\/09\/Ministerio-Comuncacion-media-Iglesia-Cristiana-Nueva-Esperaza-8.jpg 567w, https:\/\/nuevaesperanza.mx\/wp-content\/uploads\/2023\/09\/Ministerio-Comuncacion-media-Iglesia-Cristiana-Nueva-Esperaza-8-300x200.jpg 300w\" sizes=\"auto, (max-width: 567px) 100vw, 567px\" \/><\/figure>\n\n\n\n<figure class=\"wp-block-image size-large\"><img loading=\"lazy\" decoding=\"async\" width=\"567\" height=\"378\" data-id=\"663\" src=\"https:\/\/nuevaesperanza.mx\/wp-content\/uploads\/2023\/09\/Ministerio-Comuncacion-media-Iglesia-Cristiana-Nueva-Esperaza-9.jpg\" alt=\"\" class=\"wp-image-663\" srcset=\"https:\/\/nuevaesperanza.mx\/wp-content\/uploads\/2023\/09\/Ministerio-Comuncacion-media-Iglesia-Cristiana-Nueva-Esperaza-9.jpg 567w, https:\/\/nuevaesperanza.mx\/wp-content\/uploads\/2023\/09\/Ministerio-Comuncacion-media-Iglesia-Cristiana-Nueva-Esperaza-9-300x200.jpg 300w\" sizes=\"auto, (max-width: 567px) 100vw, 567px\" \/><\/figure>\n\n\n\n<figure class=\"wp-block-image size-large\"><img loading=\"lazy\" decoding=\"async\" width=\"567\" height=\"378\" data-id=\"664\" src=\"https:\/\/nuevaesperanza.mx\/wp-content\/uploads\/2023\/09\/Ministerio-Comuncacion-media-Iglesia-Cristiana-Nueva-Esperaza-10.jpg\" alt=\"\" class=\"wp-image-664\" srcset=\"https:\/\/nuevaesperanza.mx\/wp-content\/uploads\/2023\/09\/Ministerio-Comuncacion-media-Iglesia-Cristiana-Nueva-Esperaza-10.jpg 567w, https:\/\/nuevaesperanza.mx\/wp-content\/uploads\/2023\/09\/Ministerio-Comuncacion-media-Iglesia-Cristiana-Nueva-Esperaza-10-300x200.jpg 300w\" sizes=\"auto, (max-width: 567px) 100vw, 567px\" \/><\/figure>\n\n\n\n<figure class=\"wp-block-image size-large\"><img loading=\"lazy\" decoding=\"async\" width=\"567\" height=\"378\" data-id=\"665\" src=\"https:\/\/nuevaesperanza.mx\/wp-content\/uploads\/2023\/09\/Ministerio-Comuncacion-media-Iglesia-Cristiana-Nueva-Esperaza-11.jpg\" alt=\"\" class=\"wp-image-665\" srcset=\"https:\/\/nuevaesperanza.mx\/wp-content\/uploads\/2023\/09\/Ministerio-Comuncacion-media-Iglesia-Cristiana-Nueva-Esperaza-11.jpg 567w, https:\/\/nuevaesperanza.mx\/wp-content\/uploads\/2023\/09\/Ministerio-Comuncacion-media-Iglesia-Cristiana-Nueva-Esperaza-11-300x200.jpg 300w\" sizes=\"auto, (max-width: 567px) 100vw, 567px\" \/><\/figure>\n\n\n\n<figure class=\"wp-block-image size-large\"><img loading=\"lazy\" decoding=\"async\" width=\"567\" height=\"378\" data-id=\"671\" src=\"https:\/\/nuevaesperanza.mx\/wp-content\/uploads\/2023\/09\/Ministerio-Comuncacion-media-Iglesia-Cristiana-Nueva-Esperaza-12.jpg\" alt=\"\" class=\"wp-image-671\" srcset=\"https:\/\/nuevaesperanza.mx\/wp-content\/uploads\/2023\/09\/Ministerio-Comuncacion-media-Iglesia-Cristiana-Nueva-Esperaza-12.jpg 567w, https:\/\/nuevaesperanza.mx\/wp-content\/uploads\/2023\/09\/Ministerio-Comuncacion-media-Iglesia-Cristiana-Nueva-Esperaza-12-300x200.jpg 300w\" sizes=\"auto, (max-width: 567px) 100vw, 567px\" \/><\/figure>\n\n\n\n<figure class=\"wp-block-image size-large\"><img loading=\"lazy\" decoding=\"async\" width=\"567\" height=\"378\" data-id=\"674\" src=\"https:\/\/nuevaesperanza.mx\/wp-content\/uploads\/2023\/09\/Ministerio-Comuncacion-media-Iglesia-Cristiana-Nueva-Esperaza-13.jpg\" alt=\"\" class=\"wp-image-674\" srcset=\"https:\/\/nuevaesperanza.mx\/wp-content\/uploads\/2023\/09\/Ministerio-Comuncacion-media-Iglesia-Cristiana-Nueva-Esperaza-13.jpg 567w, https:\/\/nuevaesperanza.mx\/wp-content\/uploads\/2023\/09\/Ministerio-Comuncacion-media-Iglesia-Cristiana-Nueva-Esperaza-13-300x200.jpg 300w\" sizes=\"auto, (max-width: 567px) 100vw, 567px\" \/><\/figure>\n\n\n\n<figure class=\"wp-block-image size-large\"><img loading=\"lazy\" decoding=\"async\" width=\"567\" height=\"378\" data-id=\"668\" src=\"https:\/\/nuevaesperanza.mx\/wp-content\/uploads\/2023\/09\/Ministerio-Comuncacion-media-Iglesia-Cristiana-Nueva-Esperaza-14.jpg\" alt=\"\" class=\"wp-image-668\" srcset=\"https:\/\/nuevaesperanza.mx\/wp-content\/uploads\/2023\/09\/Ministerio-Comuncacion-media-Iglesia-Cristiana-Nueva-Esperaza-14.jpg 567w, https:\/\/nuevaesperanza.mx\/wp-content\/uploads\/2023\/09\/Ministerio-Comuncacion-media-Iglesia-Cristiana-Nueva-Esperaza-14-300x200.jpg 300w\" sizes=\"auto, (max-width: 567px) 100vw, 567px\" \/><\/figure>\n\n\n\n<figure class=\"wp-block-image size-large\"><img loading=\"lazy\" decoding=\"async\" width=\"567\" height=\"378\" data-id=\"669\" src=\"https:\/\/nuevaesperanza.mx\/wp-content\/uploads\/2023\/09\/Ministerio-Comuncacion-media-Iglesia-Cristiana-Nueva-Esperaza-16.jpg\" alt=\"\" class=\"wp-image-669\" srcset=\"https:\/\/nuevaesperanza.mx\/wp-content\/uploads\/2023\/09\/Ministerio-Comuncacion-media-Iglesia-Cristiana-Nueva-Esperaza-16.jpg 567w, https:\/\/nuevaesperanza.mx\/wp-content\/uploads\/2023\/09\/Ministerio-Comuncacion-media-Iglesia-Cristiana-Nueva-Esperaza-16-300x200.jpg 300w\" sizes=\"auto, (max-width: 567px) 100vw, 567px\" \/><\/figure>\n<\/figure>\n","protected":false},"excerpt":{"rendered":"<p>\u00a0Hagan lo que hagan, trabajen de buena gana, como para el Se\u00f1or y no como para nadie en este mundo,\u00a0conscientes de que el Se\u00f1or los recompensar\u00e1 con la herencia. Ustedes sirven a Cristo el Se\u00f1or. Colosenses 3:23-24<\/p>\n","protected":false},"author":1,"featured_media":0,"parent":0,"menu_order":0,"comment_status":"closed","ping_status":"closed","template":"","meta":{"footnotes":""},"class_list":["post-168","page","type-page","status-publish","hentry"],"_links":{"self":[{"href":"https:\/\/nuevaesperanza.mx\/index.php?rest_route=\/wp\/v2\/pages\/168","targetHints":{"allow":["GET"]}}],"collection":[{"href":"https:\/\/nuevaesperanza.mx\/index.php?rest_route=\/wp\/v2\/pages"}],"about":[{"href":"https:\/\/nuevaesperanza.mx\/index.php?rest_route=\/wp\/v2\/types\/page"}],"author":[{"embeddable":true,"href":"https:\/\/nuevaesperanza.mx\/index.php?rest_route=\/wp\/v2\/users\/1"}],"replies":[{"embeddable":true,"href":"https:\/\/nuevaesperanza.mx\/index.php?rest_route=%2Fwp%2Fv2%2Fcomments&post=168"}],"version-history":[{"count":6,"href":"https:\/\/nuevaesperanza.mx\/index.php?rest_route=\/wp\/v2\/pages\/168\/revisions"}],"predecessor-version":[{"id":676,"href":"https:\/\/nuevaesperanza.mx\/index.php?rest_route=\/wp\/v2\/pages\/168\/revisions\/676"}],"wp:attachment":[{"href":"https:\/\/nuevaesperanza.mx\/index.php?rest_route=%2Fwp%2Fv2%2Fmedia&parent=168"}],"curies":[{"name":"wp","href":"https:\/\/api.w.org\/{rel}","templated":true}]}}