{"id":28,"date":"2023-06-28T22:27:28","date_gmt":"2023-06-28T22:27:28","guid":{"rendered":"https:\/\/nuevaesperanza.mx\/?page_id=28"},"modified":"2023-07-19T19:43:31","modified_gmt":"2023-07-19T19:43:31","slug":"unete-a-un-grupo-ne","status":"publish","type":"page","link":"https:\/\/nuevaesperanza.mx\/?page_id=28","title":{"rendered":"\u00daNETE A UN GRUPO NE"},"content":{"rendered":"\n<p class=\"has-text-align-left\"><br>Los Grupos de Nueva Esperanza, son reuniones Son grupos de estudio b\u00edblico que se re\u00fanen una vez por semana en diferentes casas, con el prop\u00f3sito de que cada persona que los integra es que: <strong>CONECTE<\/strong> con Dios. <strong>CREZCA<\/strong> en su vida. <strong>COMPARTA<\/strong> con otros su Fe.<\/p>\n\n\n\n<p class=\"has-text-align-center\"><br><em>Ustedes saben que no he vacilado en predicarles nada que les fuera de provecho, sino que les he ense\u00f1ado p\u00fablicamente y en las casas.<br>Hechos 20:20<\/em><br><\/p>\n\n\n\n<div class=\"wp-block-group is-vertical is-layout-flex wp-container-core-group-is-layout-fe9cc265 wp-block-group-is-layout-flex\">\n<p>Anhelamos que cada persona llegue a tener una relaci\u00f3n personal con Dios por medio de Jesucristo, su Hijo. <\/p>\n\n\n\n<p>En la Iglesia Cristiana Nueva Esperanza, hemos establecido zonas y sectores para los NE, basados en los principios de Liderazgo y Responsabilidad Compartidos.<\/p>\n<\/div>\n\n\n\n<p class=\"has-text-align-center\"><em>Escogi\u00f3 entre todos los israelitas hombres capaces, y los puso al frente de los israelitas como jefes de mil, cien, cincuenta y diez personas.<br>\u00c9xodo 18:25<\/em><br><\/p>\n\n\n\n<p class=\"has-text-align-center has-pale-cyan-blue-color has-text-color has-large-font-size\"><strong>T\u00da PUEDES ASISTIR A UNO<\/strong><\/p>\n\n\n\n<div class=\"wp-block-contact-form-7-contact-form-selector\">\n<div class=\"wpcf7 no-js\" id=\"wpcf7-f35-o1\" lang=\"es-ES\" dir=\"ltr\" data-wpcf7-id=\"35\">\n<div class=\"screen-reader-response\"><p role=\"status\" aria-live=\"polite\" aria-atomic=\"true\"><\/p> <ul><\/ul><\/div>\n<form action=\"\/index.php?rest_route=%2Fwp%2Fv2%2Fpages%2F28#wpcf7-f35-o1\" method=\"post\" class=\"wpcf7-form init\" aria-label=\"Formulario de contacto\" novalidate=\"novalidate\" data-status=\"init\">\n<fieldset class=\"hidden-fields-container\"><input type=\"hidden\" name=\"_wpcf7\" value=\"35\" \/><input type=\"hidden\" name=\"_wpcf7_version\" value=\"6.1.4\" \/><input type=\"hidden\" name=\"_wpcf7_locale\" value=\"es_ES\" \/><input type=\"hidden\" name=\"_wpcf7_unit_tag\" value=\"wpcf7-f35-o1\" \/><input type=\"hidden\" name=\"_wpcf7_container_post\" value=\"0\" \/><input type=\"hidden\" name=\"_wpcf7_posted_data_hash\" value=\"\" \/>\n<\/fieldset>\n<p><label> Tu nombre<br \/>\n<span class=\"wpcf7-form-control-wrap\" data-name=\"your-name\"><input size=\"40\" maxlength=\"400\" class=\"wpcf7-form-control wpcf7-text wpcf7-validates-as-required\" autocomplete=\"name\" aria-required=\"true\" aria-invalid=\"false\" value=\"\" type=\"text\" name=\"your-name\" \/><\/span> <\/label>\n<\/p>\n<p><label> Tu correo electr\u00f3nico<br \/>\n<span class=\"wpcf7-form-control-wrap\" data-name=\"your-email\"><input size=\"40\" maxlength=\"400\" class=\"wpcf7-form-control wpcf7-email wpcf7-validates-as-required wpcf7-text wpcf7-validates-as-email\" autocomplete=\"email\" aria-required=\"true\" aria-invalid=\"false\" value=\"\" type=\"email\" name=\"your-email\" \/><\/span> <\/label>\n<\/p>\n<p><label> Tu telefono de contacto <\/label><br \/>\n<span class=\"wpcf7-form-control-wrap\" data-name=\"tel-365\"><input size=\"40\" maxlength=\"400\" class=\"wpcf7-form-control wpcf7-tel wpcf7-text wpcf7-validates-as-tel\" aria-invalid=\"false\" value=\"\" type=\"tel\" name=\"tel-365\" \/><\/span>\n<\/p>\n<p><label> Direcci\u00f3n<br \/>\n<span class=\"wpcf7-form-control-wrap\" data-name=\"your-subject\"><input size=\"40\" maxlength=\"400\" class=\"wpcf7-form-control wpcf7-text wpcf7-validates-as-required\" aria-required=\"true\" aria-invalid=\"false\" value=\"\" type=\"text\" name=\"your-subject\" \/><\/span> <\/label>\n<\/p>\n<p><label> Tu mensaje (opcional)<br \/>\n<span class=\"wpcf7-form-control-wrap\" data-name=\"your-message\"><textarea cols=\"40\" rows=\"10\" maxlength=\"2000\" class=\"wpcf7-form-control wpcf7-textarea\" aria-invalid=\"false\" name=\"your-message\"><\/textarea><\/span> <\/label>\n<\/p>\n<p><input class=\"wpcf7-form-control wpcf7-submit has-spinner\" type=\"submit\" value=\"Enviar\" \/>\n<\/p><div class=\"wpcf7-response-output\" aria-hidden=\"true\"><\/div>\n<\/form>\n<\/div>\n<\/div>\n\n\n\n<figure class=\"wp-block-gallery has-nested-images columns-default is-cropped wp-block-gallery-1 is-layout-flex wp-block-gallery-is-layout-flex\">\n<figure class=\"wp-block-image size-large\"><img loading=\"lazy\" decoding=\"async\" width=\"1024\" height=\"478\" data-id=\"208\" src=\"https:\/\/nuevaesperanza.mx\/wp-content\/uploads\/2023\/07\/352208563_636722511820693_5500090721487371158_n-1024x478.jpg\" alt=\"\" class=\"wp-image-208\" srcset=\"https:\/\/nuevaesperanza.mx\/wp-content\/uploads\/2023\/07\/352208563_636722511820693_5500090721487371158_n-1024x478.jpg 1024w, https:\/\/nuevaesperanza.mx\/wp-content\/uploads\/2023\/07\/352208563_636722511820693_5500090721487371158_n-300x140.jpg 300w, https:\/\/nuevaesperanza.mx\/wp-content\/uploads\/2023\/07\/352208563_636722511820693_5500090721487371158_n-768x359.jpg 768w, https:\/\/nuevaesperanza.mx\/wp-content\/uploads\/2023\/07\/352208563_636722511820693_5500090721487371158_n-1536x717.jpg 1536w, https:\/\/nuevaesperanza.mx\/wp-content\/uploads\/2023\/07\/352208563_636722511820693_5500090721487371158_n.jpg 1600w\" sizes=\"auto, (max-width: 1024px) 100vw, 1024px\" \/><\/figure>\n\n\n\n<figure class=\"wp-block-image size-large\"><img loading=\"lazy\" decoding=\"async\" width=\"1024\" height=\"771\" data-id=\"219\" src=\"https:\/\/nuevaesperanza.mx\/wp-content\/uploads\/2023\/07\/353046450_636722541820690_6484865257520783658_n-1024x771.jpg\" alt=\"\" class=\"wp-image-219\" srcset=\"https:\/\/nuevaesperanza.mx\/wp-content\/uploads\/2023\/07\/353046450_636722541820690_6484865257520783658_n-1024x771.jpg 1024w, https:\/\/nuevaesperanza.mx\/wp-content\/uploads\/2023\/07\/353046450_636722541820690_6484865257520783658_n-300x226.jpg 300w, https:\/\/nuevaesperanza.mx\/wp-content\/uploads\/2023\/07\/353046450_636722541820690_6484865257520783658_n-768x578.jpg 768w, https:\/\/nuevaesperanza.mx\/wp-content\/uploads\/2023\/07\/353046450_636722541820690_6484865257520783658_n.jpg 1164w\" sizes=\"auto, (max-width: 1024px) 100vw, 1024px\" \/><\/figure>\n\n\n\n<figure class=\"wp-block-image size-large\"><img loading=\"lazy\" decoding=\"async\" width=\"1024\" height=\"576\" data-id=\"211\" src=\"https:\/\/nuevaesperanza.mx\/wp-content\/uploads\/2023\/07\/353062987_636722255154052_6315056243865167728_n-1024x576.jpg\" alt=\"\" class=\"wp-image-211\" srcset=\"https:\/\/nuevaesperanza.mx\/wp-content\/uploads\/2023\/07\/353062987_636722255154052_6315056243865167728_n-1024x576.jpg 1024w, https:\/\/nuevaesperanza.mx\/wp-content\/uploads\/2023\/07\/353062987_636722255154052_6315056243865167728_n-300x169.jpg 300w, https:\/\/nuevaesperanza.mx\/wp-content\/uploads\/2023\/07\/353062987_636722255154052_6315056243865167728_n-768x432.jpg 768w, https:\/\/nuevaesperanza.mx\/wp-content\/uploads\/2023\/07\/353062987_636722255154052_6315056243865167728_n-1536x864.jpg 1536w, https:\/\/nuevaesperanza.mx\/wp-content\/uploads\/2023\/07\/353062987_636722255154052_6315056243865167728_n.jpg 1599w\" sizes=\"auto, (max-width: 1024px) 100vw, 1024px\" \/><\/figure>\n\n\n\n<figure class=\"wp-block-image size-large\"><img loading=\"lazy\" decoding=\"async\" width=\"1024\" height=\"768\" data-id=\"210\" src=\"https:\/\/nuevaesperanza.mx\/wp-content\/uploads\/2023\/07\/353672928_636722551820689_1136397300627999542_n-1024x768.jpg\" alt=\"\" class=\"wp-image-210\" srcset=\"https:\/\/nuevaesperanza.mx\/wp-content\/uploads\/2023\/07\/353672928_636722551820689_1136397300627999542_n-1024x768.jpg 1024w, https:\/\/nuevaesperanza.mx\/wp-content\/uploads\/2023\/07\/353672928_636722551820689_1136397300627999542_n-300x225.jpg 300w, https:\/\/nuevaesperanza.mx\/wp-content\/uploads\/2023\/07\/353672928_636722551820689_1136397300627999542_n-768x576.jpg 768w, https:\/\/nuevaesperanza.mx\/wp-content\/uploads\/2023\/07\/353672928_636722551820689_1136397300627999542_n.jpg 1152w\" sizes=\"auto, (max-width: 1024px) 100vw, 1024px\" \/><\/figure>\n\n\n\n<figure class=\"wp-block-image size-large\"><img loading=\"lazy\" decoding=\"async\" width=\"1024\" height=\"576\" data-id=\"212\" src=\"https:\/\/nuevaesperanza.mx\/wp-content\/uploads\/2023\/07\/353756006_636722261820718_3425373019769357450_n-1024x576.jpg\" alt=\"\" class=\"wp-image-212\" srcset=\"https:\/\/nuevaesperanza.mx\/wp-content\/uploads\/2023\/07\/353756006_636722261820718_3425373019769357450_n-1024x576.jpg 1024w, https:\/\/nuevaesperanza.mx\/wp-content\/uploads\/2023\/07\/353756006_636722261820718_3425373019769357450_n-300x169.jpg 300w, https:\/\/nuevaesperanza.mx\/wp-content\/uploads\/2023\/07\/353756006_636722261820718_3425373019769357450_n-768x432.jpg 768w, https:\/\/nuevaesperanza.mx\/wp-content\/uploads\/2023\/07\/353756006_636722261820718_3425373019769357450_n-1536x864.jpg 1536w, https:\/\/nuevaesperanza.mx\/wp-content\/uploads\/2023\/07\/353756006_636722261820718_3425373019769357450_n.jpg 1600w\" sizes=\"auto, (max-width: 1024px) 100vw, 1024px\" \/><\/figure>\n\n\n\n<figure class=\"wp-block-image size-large\"><img loading=\"lazy\" decoding=\"async\" width=\"1024\" height=\"768\" data-id=\"213\" src=\"https:\/\/nuevaesperanza.mx\/wp-content\/uploads\/2023\/07\/353837581_636722698487341_9032773343945479561_n-1024x768.jpg\" alt=\"\" class=\"wp-image-213\" srcset=\"https:\/\/nuevaesperanza.mx\/wp-content\/uploads\/2023\/07\/353837581_636722698487341_9032773343945479561_n-1024x768.jpg 1024w, https:\/\/nuevaesperanza.mx\/wp-content\/uploads\/2023\/07\/353837581_636722698487341_9032773343945479561_n-300x225.jpg 300w, https:\/\/nuevaesperanza.mx\/wp-content\/uploads\/2023\/07\/353837581_636722698487341_9032773343945479561_n-768x576.jpg 768w, https:\/\/nuevaesperanza.mx\/wp-content\/uploads\/2023\/07\/353837581_636722698487341_9032773343945479561_n-1536x1152.jpg 1536w, https:\/\/nuevaesperanza.mx\/wp-content\/uploads\/2023\/07\/353837581_636722698487341_9032773343945479561_n.jpg 1600w\" sizes=\"auto, (max-width: 1024px) 100vw, 1024px\" \/><\/figure>\n\n\n\n<figure class=\"wp-block-image size-large\"><img loading=\"lazy\" decoding=\"async\" width=\"1024\" height=\"766\" data-id=\"214\" src=\"https:\/\/nuevaesperanza.mx\/wp-content\/uploads\/2023\/07\/354042102_636722711820673_2292866474855924472_n-1024x766.jpg\" alt=\"\" class=\"wp-image-214\" srcset=\"https:\/\/nuevaesperanza.mx\/wp-content\/uploads\/2023\/07\/354042102_636722711820673_2292866474855924472_n-1024x766.jpg 1024w, https:\/\/nuevaesperanza.mx\/wp-content\/uploads\/2023\/07\/354042102_636722711820673_2292866474855924472_n-300x225.jpg 300w, https:\/\/nuevaesperanza.mx\/wp-content\/uploads\/2023\/07\/354042102_636722711820673_2292866474855924472_n-768x575.jpg 768w, https:\/\/nuevaesperanza.mx\/wp-content\/uploads\/2023\/07\/354042102_636722711820673_2292866474855924472_n.jpg 1280w\" sizes=\"auto, (max-width: 1024px) 100vw, 1024px\" \/><\/figure>\n\n\n\n<figure class=\"wp-block-image size-large\"><img loading=\"lazy\" decoding=\"async\" width=\"1024\" height=\"768\" data-id=\"215\" src=\"https:\/\/nuevaesperanza.mx\/wp-content\/uploads\/2023\/07\/354236358_636722278487383_6221850680983434720_n-1024x768.jpg\" alt=\"\" class=\"wp-image-215\" srcset=\"https:\/\/nuevaesperanza.mx\/wp-content\/uploads\/2023\/07\/354236358_636722278487383_6221850680983434720_n-1024x768.jpg 1024w, https:\/\/nuevaesperanza.mx\/wp-content\/uploads\/2023\/07\/354236358_636722278487383_6221850680983434720_n-300x225.jpg 300w, https:\/\/nuevaesperanza.mx\/wp-content\/uploads\/2023\/07\/354236358_636722278487383_6221850680983434720_n-768x576.jpg 768w, https:\/\/nuevaesperanza.mx\/wp-content\/uploads\/2023\/07\/354236358_636722278487383_6221850680983434720_n.jpg 1152w\" sizes=\"auto, (max-width: 1024px) 100vw, 1024px\" \/><\/figure>\n\n\n\n<figure class=\"wp-block-image size-large\"><img loading=\"lazy\" decoding=\"async\" width=\"1024\" height=\"768\" data-id=\"218\" src=\"https:\/\/nuevaesperanza.mx\/wp-content\/uploads\/2023\/07\/354257746_636722538487357_5312638778798258231_n-1024x768.jpg\" alt=\"\" class=\"wp-image-218\" srcset=\"https:\/\/nuevaesperanza.mx\/wp-content\/uploads\/2023\/07\/354257746_636722538487357_5312638778798258231_n-1024x768.jpg 1024w, https:\/\/nuevaesperanza.mx\/wp-content\/uploads\/2023\/07\/354257746_636722538487357_5312638778798258231_n-300x225.jpg 300w, https:\/\/nuevaesperanza.mx\/wp-content\/uploads\/2023\/07\/354257746_636722538487357_5312638778798258231_n-768x576.jpg 768w, https:\/\/nuevaesperanza.mx\/wp-content\/uploads\/2023\/07\/354257746_636722538487357_5312638778798258231_n.jpg 1280w\" sizes=\"auto, (max-width: 1024px) 100vw, 1024px\" \/><\/figure>\n<\/figure>\n","protected":false},"excerpt":{"rendered":"<p>Los Grupos de Nueva Esperanza, son reuniones Son grupos de estudio b\u00edblico que se re\u00fanen una vez por semana en diferentes casas, con el prop\u00f3sito de que cada persona que los integra es que: CONECTE con Dios. CREZCA en su vida. COMPARTA con otros su Fe. Ustedes saben que no he vacilado en predicarles nada que les fuera de provecho, sino que les he ense\u00f1ado p\u00fablicamente y en las casas.Hechos 20:20 Anhelamos que cada persona llegue a tener una relaci\u00f3n personal con Dios por medio de Jesucristo, su Hijo. En la Iglesia Cristiana Nueva Esperanza, hemos establecido zonas y sectores<\/p>\n","protected":false},"author":1,"featured_media":39,"parent":0,"menu_order":0,"comment_status":"closed","ping_status":"closed","template":"","meta":{"footnotes":""},"class_list":["post-28","page","type-page","status-publish","has-post-thumbnail","hentry"],"_links":{"self":[{"href":"https:\/\/nuevaesperanza.mx\/index.php?rest_route=\/wp\/v2\/pages\/28","targetHints":{"allow":["GET"]}}],"collection":[{"href":"https:\/\/nuevaesperanza.mx\/index.php?rest_route=\/wp\/v2\/pages"}],"about":[{"href":"https:\/\/nuevaesperanza.mx\/index.php?rest_route=\/wp\/v2\/types\/page"}],"author":[{"embeddable":true,"href":"https:\/\/nuevaesperanza.mx\/index.php?rest_route=\/wp\/v2\/users\/1"}],"replies":[{"embeddable":true,"href":"https:\/\/nuevaesperanza.mx\/index.php?rest_route=%2Fwp%2Fv2%2Fcomments&post=28"}],"version-history":[{"count":7,"href":"https:\/\/nuevaesperanza.mx\/index.php?rest_route=\/wp\/v2\/pages\/28\/revisions"}],"predecessor-version":[{"id":410,"href":"https:\/\/nuevaesperanza.mx\/index.php?rest_route=\/wp\/v2\/pages\/28\/revisions\/410"}],"wp:featuredmedia":[{"embeddable":true,"href":"https:\/\/nuevaesperanza.mx\/index.php?rest_route=\/wp\/v2\/media\/39"}],"wp:attachment":[{"href":"https:\/\/nuevaesperanza.mx\/index.php?rest_route=%2Fwp%2Fv2%2Fmedia&parent=28"}],"curies":[{"name":"wp","href":"https:\/\/api.w.org\/{rel}","templated":true}]}}