{"id":43,"date":"2023-06-29T16:46:34","date_gmt":"2023-06-29T16:46:34","guid":{"rendered":"https:\/\/nuevaesperanza.mx\/?page_id=43"},"modified":"2023-07-19T19:35:33","modified_gmt":"2023-07-19T19:35:33","slug":"iglesia","status":"publish","type":"page","link":"https:\/\/nuevaesperanza.mx\/?page_id=43","title":{"rendered":"IGLESIA"},"content":{"rendered":"\n<p>Nueva Esperanza es un  Iglesia Cristiana ubicada en Pachuca de Soto, Hidalgo, M\u00e9xico.<\/p>\n\n\n\n<p>Naci\u00f3 en 1996 con el fin de predicar la palabra de Cristo a las personas y acercar la esperanza a las familias. <\/p>\n\n\n\n<p>La Iglesia Cristiana Nueva Esperanza es una comunidad de creyentes formada con el deseo de seguir y proclamar las ense\u00f1anzas de Jesucristo.<strong><em> Nuestro \u00fanico libro de fe y pr\u00e1ctica es la Biblia.<\/em><\/strong><\/p>\n\n\n\n<p class=\"has-text-align-center\"><br>LA MISI\u00d3N.<br>Predicar y modelar los principios del Reino de Dios a toda persona, ense\u00f1\u00e1ndoles a establecer<br>una relaci\u00f3n personal con Dios por medio de Jesucristo y el Esp\u00edritu Santo.<br>\u00ab<em>Por tanto, vayan y hagan disc\u00edpulos de todas las naciones,<br>bautiz\u00e1ndolos en el nombre del Padre y del Hijo y del Esp\u00edritu Santo,\u00bb<br>Mateo 28:19<\/em><br><\/p>\n\n\n\n<p class=\"has-text-align-center\">LA VISI\u00d3N.<br>Familias rendidas a Dios y comprometidas a vivir bajo los principios del Reino, impactando a la<br>sociedad.<br><em>\u201cYo, el SE\u00d1OR, te he llamado en justicia; te he tomado de la mano.<br>Yo te form\u00e9, yo te constitu\u00ed como pacto para el pueblo, como luz para las naciones,<br>para abrir los ojos de los ciegos, para librar de la c\u00e1rcel a los presos,<br>y del calabozo a los que habitan en tinieblas\u201d<br>Isa\u00edas 42:6-7<\/em><br><\/p>\n\n\n\n<p class=\"has-text-align-center\">NUESTRO LEMA.<br>Esperanza para todos.<br><em>Porque yo s\u00e9 muy bien los planes que tengo para ustedes<br>\u2014afirma el SE\u00d1OR\u2014, planes de bienestar y no de calamidad,<br>a fin de darles un futuro y una esperanza.<br>Jerem\u00edas 29:11<\/em><\/p>\n\n\n\n<figure class=\"wp-block-pullquote\"><blockquote><p>Esperanza para todos<\/p><cite>Jerem\u00edas 29:11<\/cite><\/blockquote><\/figure>\n\n\n\n<p><\/p>\n\n\n\n<p><\/p>\n","protected":false},"excerpt":{"rendered":"<p>Nueva Esperanza es un Iglesia Cristiana ubicada en Pachuca de Soto, Hidalgo, M\u00e9xico. Naci\u00f3 en 1996 con el fin de predicar la palabra de Cristo a las personas y acercar la esperanza a las familias. La Iglesia Cristiana Nueva Esperanza es una comunidad de creyentes formada con el deseo de seguir y proclamar las ense\u00f1anzas de Jesucristo. Nuestro \u00fanico libro de fe y pr\u00e1ctica es la Biblia. LA MISI\u00d3N.Predicar y modelar los principios del Reino de Dios a toda persona, ense\u00f1\u00e1ndoles a estableceruna relaci\u00f3n personal con Dios por medio de Jesucristo y el Esp\u00edritu Santo.\u00abPor tanto, vayan y hagan disc\u00edpulos<\/p>\n","protected":false},"author":1,"featured_media":0,"parent":0,"menu_order":0,"comment_status":"closed","ping_status":"closed","template":"","meta":{"footnotes":""},"class_list":["post-43","page","type-page","status-publish","hentry"],"_links":{"self":[{"href":"https:\/\/nuevaesperanza.mx\/index.php?rest_route=\/wp\/v2\/pages\/43","targetHints":{"allow":["GET"]}}],"collection":[{"href":"https:\/\/nuevaesperanza.mx\/index.php?rest_route=\/wp\/v2\/pages"}],"about":[{"href":"https:\/\/nuevaesperanza.mx\/index.php?rest_route=\/wp\/v2\/types\/page"}],"author":[{"embeddable":true,"href":"https:\/\/nuevaesperanza.mx\/index.php?rest_route=\/wp\/v2\/users\/1"}],"replies":[{"embeddable":true,"href":"https:\/\/nuevaesperanza.mx\/index.php?rest_route=%2Fwp%2Fv2%2Fcomments&post=43"}],"version-history":[{"count":5,"href":"https:\/\/nuevaesperanza.mx\/index.php?rest_route=\/wp\/v2\/pages\/43\/revisions"}],"predecessor-version":[{"id":407,"href":"https:\/\/nuevaesperanza.mx\/index.php?rest_route=\/wp\/v2\/pages\/43\/revisions\/407"}],"wp:attachment":[{"href":"https:\/\/nuevaesperanza.mx\/index.php?rest_route=%2Fwp%2Fv2%2Fmedia&parent=43"}],"curies":[{"name":"wp","href":"https:\/\/api.w.org\/{rel}","templated":true}]}}