{"id":64,"date":"2023-07-01T15:52:54","date_gmt":"2023-07-01T15:52:54","guid":{"rendered":"https:\/\/nuevaesperanza.mx\/?page_id=64"},"modified":"2023-07-19T19:45:25","modified_gmt":"2023-07-19T19:45:25","slug":"discipulado","status":"publish","type":"page","link":"https:\/\/nuevaesperanza.mx\/?page_id=64","title":{"rendered":"DISCIPULADO"},"content":{"rendered":"\n<p>En la Iglesia Cristiana Nueva Esperanza nos interesa que cada persona desarrolle una relaci\u00f3n personal con Dios por medio de Jesucristo, y esto solo se logra teniendo el conocimiento de lo que Dios quiere para nosotros como sus hijos, por eso es que ponemos especial cuidado en que cada miembro de la Iglesia estudie las Sagradas Escrituras en formas personal y tambi\u00e9n en forma sistem\u00e1tica en la Iglesia y de este modo, todos lleguemos a ser unos \u00a1Verdaderos disc\u00edpulos!<br>Nuestro Plan de Discipulado b\u00e1sico se compone de los siguientes cursos:<\/p>\n\n\n\n<figure class=\"wp-block-image size-large\"><img loading=\"lazy\" decoding=\"async\" width=\"792\" height=\"1024\" src=\"https:\/\/nuevaesperanza.mx\/wp-content\/uploads\/2023\/07\/DISCIPULADO-iglesia-Cristiana-Nueva-Esperanza-CRISTO-792x1024.png\" alt=\"\" class=\"wp-image-65\" srcset=\"https:\/\/nuevaesperanza.mx\/wp-content\/uploads\/2023\/07\/DISCIPULADO-iglesia-Cristiana-Nueva-Esperanza-CRISTO-792x1024.png 792w, https:\/\/nuevaesperanza.mx\/wp-content\/uploads\/2023\/07\/DISCIPULADO-iglesia-Cristiana-Nueva-Esperanza-CRISTO-232x300.png 232w, https:\/\/nuevaesperanza.mx\/wp-content\/uploads\/2023\/07\/DISCIPULADO-iglesia-Cristiana-Nueva-Esperanza-CRISTO-768x993.png 768w, https:\/\/nuevaesperanza.mx\/wp-content\/uploads\/2023\/07\/DISCIPULADO-iglesia-Cristiana-Nueva-Esperanza-CRISTO.png 993w\" sizes=\"auto, (max-width: 792px) 100vw, 792px\" \/><\/figure>\n\n\n\n<blockquote class=\"wp-block-quote is-layout-flow wp-block-quote-is-layout-flow\">\n<p class=\"has-text-align-center\"><em>Jes\u00fas se dirigi\u00f3 entonces a los jud\u00edos que hab\u00edan cre\u00eddo en \u00e9l, y les dijo:<\/em><\/p>\n\n\n\n<p class=\"has-text-align-center\"><em>\u2014Si se mantienen fieles a mis ense\u00f1anzas, ser\u00e1n realmente mis disc\u00edpulos. Juan 8:31<\/em><\/p>\n<\/blockquote>\n\n\n\n<p><\/p>\n\n\n\n<figure class=\"wp-block-gallery has-nested-images columns-default is-cropped wp-block-gallery-1 is-layout-flex wp-block-gallery-is-layout-flex\">\n<figure class=\"wp-block-image size-large\"><img loading=\"lazy\" decoding=\"async\" width=\"849\" height=\"1024\" data-id=\"66\" src=\"https:\/\/nuevaesperanza.mx\/wp-content\/uploads\/2023\/07\/317802023_1138401333480088_2639683755804585276_n-849x1024.jpg\" alt=\"\" class=\"wp-image-66\" srcset=\"https:\/\/nuevaesperanza.mx\/wp-content\/uploads\/2023\/07\/317802023_1138401333480088_2639683755804585276_n-849x1024.jpg 849w, https:\/\/nuevaesperanza.mx\/wp-content\/uploads\/2023\/07\/317802023_1138401333480088_2639683755804585276_n-249x300.jpg 249w, https:\/\/nuevaesperanza.mx\/wp-content\/uploads\/2023\/07\/317802023_1138401333480088_2639683755804585276_n-768x926.jpg 768w, https:\/\/nuevaesperanza.mx\/wp-content\/uploads\/2023\/07\/317802023_1138401333480088_2639683755804585276_n-1274x1536.jpg 1274w, https:\/\/nuevaesperanza.mx\/wp-content\/uploads\/2023\/07\/317802023_1138401333480088_2639683755804585276_n.jpg 1698w\" sizes=\"auto, (max-width: 849px) 100vw, 849px\" \/><\/figure>\n\n\n\n<figure class=\"wp-block-image size-large\"><img loading=\"lazy\" decoding=\"async\" width=\"1024\" height=\"992\" data-id=\"67\" src=\"https:\/\/nuevaesperanza.mx\/wp-content\/uploads\/2023\/07\/317826251_1138401456813409_4516612139478473058_n-1024x992.jpg\" alt=\"\" class=\"wp-image-67\" srcset=\"https:\/\/nuevaesperanza.mx\/wp-content\/uploads\/2023\/07\/317826251_1138401456813409_4516612139478473058_n-1024x992.jpg 1024w, https:\/\/nuevaesperanza.mx\/wp-content\/uploads\/2023\/07\/317826251_1138401456813409_4516612139478473058_n-300x291.jpg 300w, https:\/\/nuevaesperanza.mx\/wp-content\/uploads\/2023\/07\/317826251_1138401456813409_4516612139478473058_n-768x744.jpg 768w, https:\/\/nuevaesperanza.mx\/wp-content\/uploads\/2023\/07\/317826251_1138401456813409_4516612139478473058_n-1536x1488.jpg 1536w, https:\/\/nuevaesperanza.mx\/wp-content\/uploads\/2023\/07\/317826251_1138401456813409_4516612139478473058_n.jpg 2048w\" sizes=\"auto, (max-width: 1024px) 100vw, 1024px\" \/><\/figure>\n\n\n\n<figure class=\"wp-block-image size-large\"><img loading=\"lazy\" decoding=\"async\" width=\"894\" height=\"1024\" data-id=\"70\" src=\"https:\/\/nuevaesperanza.mx\/wp-content\/uploads\/2023\/07\/317833751_1138401273480094_1682557398084222201_n-894x1024.jpg\" alt=\"\" class=\"wp-image-70\" srcset=\"https:\/\/nuevaesperanza.mx\/wp-content\/uploads\/2023\/07\/317833751_1138401273480094_1682557398084222201_n-894x1024.jpg 894w, https:\/\/nuevaesperanza.mx\/wp-content\/uploads\/2023\/07\/317833751_1138401273480094_1682557398084222201_n-262x300.jpg 262w, https:\/\/nuevaesperanza.mx\/wp-content\/uploads\/2023\/07\/317833751_1138401273480094_1682557398084222201_n-768x880.jpg 768w, https:\/\/nuevaesperanza.mx\/wp-content\/uploads\/2023\/07\/317833751_1138401273480094_1682557398084222201_n-1341x1536.jpg 1341w, https:\/\/nuevaesperanza.mx\/wp-content\/uploads\/2023\/07\/317833751_1138401273480094_1682557398084222201_n.jpg 1788w\" sizes=\"auto, (max-width: 894px) 100vw, 894px\" \/><\/figure>\n\n\n\n<figure class=\"wp-block-image size-large\"><img loading=\"lazy\" decoding=\"async\" width=\"1024\" height=\"980\" data-id=\"68\" src=\"https:\/\/nuevaesperanza.mx\/wp-content\/uploads\/2023\/07\/317850822_1138402073480014_4661538167965733785_n-1024x980.jpg\" alt=\"\" class=\"wp-image-68\" srcset=\"https:\/\/nuevaesperanza.mx\/wp-content\/uploads\/2023\/07\/317850822_1138402073480014_4661538167965733785_n-1024x980.jpg 1024w, https:\/\/nuevaesperanza.mx\/wp-content\/uploads\/2023\/07\/317850822_1138402073480014_4661538167965733785_n-300x287.jpg 300w, https:\/\/nuevaesperanza.mx\/wp-content\/uploads\/2023\/07\/317850822_1138402073480014_4661538167965733785_n-768x735.jpg 768w, https:\/\/nuevaesperanza.mx\/wp-content\/uploads\/2023\/07\/317850822_1138402073480014_4661538167965733785_n-1536x1470.jpg 1536w, https:\/\/nuevaesperanza.mx\/wp-content\/uploads\/2023\/07\/317850822_1138402073480014_4661538167965733785_n.jpg 2048w\" sizes=\"auto, (max-width: 1024px) 100vw, 1024px\" \/><\/figure>\n\n\n\n<figure class=\"wp-block-image size-large\"><img loading=\"lazy\" decoding=\"async\" width=\"1024\" height=\"683\" data-id=\"74\" src=\"https:\/\/nuevaesperanza.mx\/wp-content\/uploads\/2023\/07\/346083863_618231076893344_6639095998933775387_n-1024x683.jpg\" alt=\"\" class=\"wp-image-74\" srcset=\"https:\/\/nuevaesperanza.mx\/wp-content\/uploads\/2023\/07\/346083863_618231076893344_6639095998933775387_n-1024x683.jpg 1024w, https:\/\/nuevaesperanza.mx\/wp-content\/uploads\/2023\/07\/346083863_618231076893344_6639095998933775387_n-300x200.jpg 300w, https:\/\/nuevaesperanza.mx\/wp-content\/uploads\/2023\/07\/346083863_618231076893344_6639095998933775387_n-768x512.jpg 768w, https:\/\/nuevaesperanza.mx\/wp-content\/uploads\/2023\/07\/346083863_618231076893344_6639095998933775387_n-1536x1024.jpg 1536w, https:\/\/nuevaesperanza.mx\/wp-content\/uploads\/2023\/07\/346083863_618231076893344_6639095998933775387_n.jpg 2048w\" sizes=\"auto, (max-width: 1024px) 100vw, 1024px\" \/><\/figure>\n\n\n\n<figure class=\"wp-block-image size-large\"><img loading=\"lazy\" decoding=\"async\" width=\"1024\" height=\"683\" data-id=\"73\" src=\"https:\/\/nuevaesperanza.mx\/wp-content\/uploads\/2023\/07\/352338208_639675761525368_8231371219164423809_n-1024x683.jpg\" alt=\"\" class=\"wp-image-73\" srcset=\"https:\/\/nuevaesperanza.mx\/wp-content\/uploads\/2023\/07\/352338208_639675761525368_8231371219164423809_n-1024x683.jpg 1024w, https:\/\/nuevaesperanza.mx\/wp-content\/uploads\/2023\/07\/352338208_639675761525368_8231371219164423809_n-300x200.jpg 300w, https:\/\/nuevaesperanza.mx\/wp-content\/uploads\/2023\/07\/352338208_639675761525368_8231371219164423809_n-768x512.jpg 768w, https:\/\/nuevaesperanza.mx\/wp-content\/uploads\/2023\/07\/352338208_639675761525368_8231371219164423809_n-1536x1024.jpg 1536w, https:\/\/nuevaesperanza.mx\/wp-content\/uploads\/2023\/07\/352338208_639675761525368_8231371219164423809_n.jpg 2048w\" sizes=\"auto, (max-width: 1024px) 100vw, 1024px\" \/><\/figure>\n\n\n\n<figure class=\"wp-block-image size-large\"><img loading=\"lazy\" decoding=\"async\" width=\"1024\" height=\"683\" data-id=\"71\" src=\"https:\/\/nuevaesperanza.mx\/wp-content\/uploads\/2023\/07\/354237978_639675648192046_4148583501248814968_n-1024x683.jpg\" alt=\"\" class=\"wp-image-71\" srcset=\"https:\/\/nuevaesperanza.mx\/wp-content\/uploads\/2023\/07\/354237978_639675648192046_4148583501248814968_n-1024x683.jpg 1024w, https:\/\/nuevaesperanza.mx\/wp-content\/uploads\/2023\/07\/354237978_639675648192046_4148583501248814968_n-300x200.jpg 300w, https:\/\/nuevaesperanza.mx\/wp-content\/uploads\/2023\/07\/354237978_639675648192046_4148583501248814968_n-768x512.jpg 768w, https:\/\/nuevaesperanza.mx\/wp-content\/uploads\/2023\/07\/354237978_639675648192046_4148583501248814968_n-1536x1024.jpg 1536w, https:\/\/nuevaesperanza.mx\/wp-content\/uploads\/2023\/07\/354237978_639675648192046_4148583501248814968_n.jpg 2048w\" sizes=\"auto, (max-width: 1024px) 100vw, 1024px\" \/><\/figure>\n\n\n\n<figure class=\"wp-block-image size-large\"><img loading=\"lazy\" decoding=\"async\" width=\"1024\" height=\"683\" data-id=\"69\" src=\"https:\/\/nuevaesperanza.mx\/wp-content\/uploads\/2023\/07\/354538987_639675681525376_8652402232872121431_n-1024x683.jpg\" alt=\"\" class=\"wp-image-69\" srcset=\"https:\/\/nuevaesperanza.mx\/wp-content\/uploads\/2023\/07\/354538987_639675681525376_8652402232872121431_n-1024x683.jpg 1024w, https:\/\/nuevaesperanza.mx\/wp-content\/uploads\/2023\/07\/354538987_639675681525376_8652402232872121431_n-300x200.jpg 300w, https:\/\/nuevaesperanza.mx\/wp-content\/uploads\/2023\/07\/354538987_639675681525376_8652402232872121431_n-768x512.jpg 768w, https:\/\/nuevaesperanza.mx\/wp-content\/uploads\/2023\/07\/354538987_639675681525376_8652402232872121431_n-1536x1024.jpg 1536w, https:\/\/nuevaesperanza.mx\/wp-content\/uploads\/2023\/07\/354538987_639675681525376_8652402232872121431_n.jpg 2048w\" sizes=\"auto, (max-width: 1024px) 100vw, 1024px\" \/><\/figure>\n\n\n\n<figure class=\"wp-block-image size-large\"><img loading=\"lazy\" decoding=\"async\" width=\"1024\" height=\"683\" data-id=\"72\" src=\"https:\/\/nuevaesperanza.mx\/wp-content\/uploads\/2023\/07\/356233173_643839914442286_2333497030563478648_n-1024x683.jpg\" alt=\"\" class=\"wp-image-72\" srcset=\"https:\/\/nuevaesperanza.mx\/wp-content\/uploads\/2023\/07\/356233173_643839914442286_2333497030563478648_n-1024x683.jpg 1024w, https:\/\/nuevaesperanza.mx\/wp-content\/uploads\/2023\/07\/356233173_643839914442286_2333497030563478648_n-300x200.jpg 300w, https:\/\/nuevaesperanza.mx\/wp-content\/uploads\/2023\/07\/356233173_643839914442286_2333497030563478648_n-768x512.jpg 768w, https:\/\/nuevaesperanza.mx\/wp-content\/uploads\/2023\/07\/356233173_643839914442286_2333497030563478648_n-1536x1024.jpg 1536w, https:\/\/nuevaesperanza.mx\/wp-content\/uploads\/2023\/07\/356233173_643839914442286_2333497030563478648_n.jpg 2048w\" sizes=\"auto, (max-width: 1024px) 100vw, 1024px\" \/><\/figure>\n\n\n\n<figure class=\"wp-block-image size-large\"><img loading=\"lazy\" decoding=\"async\" width=\"1024\" height=\"683\" data-id=\"75\" src=\"https:\/\/nuevaesperanza.mx\/wp-content\/uploads\/2023\/07\/356394886_643839947775616_507970395005606745_n-1024x683.jpg\" alt=\"\" class=\"wp-image-75\" srcset=\"https:\/\/nuevaesperanza.mx\/wp-content\/uploads\/2023\/07\/356394886_643839947775616_507970395005606745_n-1024x683.jpg 1024w, https:\/\/nuevaesperanza.mx\/wp-content\/uploads\/2023\/07\/356394886_643839947775616_507970395005606745_n-300x200.jpg 300w, https:\/\/nuevaesperanza.mx\/wp-content\/uploads\/2023\/07\/356394886_643839947775616_507970395005606745_n-768x512.jpg 768w, https:\/\/nuevaesperanza.mx\/wp-content\/uploads\/2023\/07\/356394886_643839947775616_507970395005606745_n-1536x1024.jpg 1536w, https:\/\/nuevaesperanza.mx\/wp-content\/uploads\/2023\/07\/356394886_643839947775616_507970395005606745_n.jpg 2048w\" sizes=\"auto, (max-width: 1024px) 100vw, 1024px\" \/><\/figure>\n<\/figure>\n","protected":false},"excerpt":{"rendered":"<p>En la Iglesia Cristiana Nueva Esperanza nos interesa que cada persona desarrolle una relaci\u00f3n personal con Dios por medio de Jesucristo, y esto solo se logra teniendo el conocimiento de lo que Dios quiere para nosotros como sus hijos, por eso es que ponemos especial cuidado en que cada miembro de la Iglesia estudie las Sagradas Escrituras en formas personal y tambi\u00e9n en forma sistem\u00e1tica en la Iglesia y de este modo, todos lleguemos a ser unos \u00a1Verdaderos disc\u00edpulos!Nuestro Plan de Discipulado b\u00e1sico se compone de los siguientes cursos: Jes\u00fas se dirigi\u00f3 entonces a los jud\u00edos que hab\u00edan cre\u00eddo en<\/p>\n","protected":false},"author":1,"featured_media":0,"parent":0,"menu_order":0,"comment_status":"closed","ping_status":"closed","template":"","meta":{"footnotes":""},"class_list":["post-64","page","type-page","status-publish","hentry"],"_links":{"self":[{"href":"https:\/\/nuevaesperanza.mx\/index.php?rest_route=\/wp\/v2\/pages\/64","targetHints":{"allow":["GET"]}}],"collection":[{"href":"https:\/\/nuevaesperanza.mx\/index.php?rest_route=\/wp\/v2\/pages"}],"about":[{"href":"https:\/\/nuevaesperanza.mx\/index.php?rest_route=\/wp\/v2\/types\/page"}],"author":[{"embeddable":true,"href":"https:\/\/nuevaesperanza.mx\/index.php?rest_route=\/wp\/v2\/users\/1"}],"replies":[{"embeddable":true,"href":"https:\/\/nuevaesperanza.mx\/index.php?rest_route=%2Fwp%2Fv2%2Fcomments&post=64"}],"version-history":[{"count":3,"href":"https:\/\/nuevaesperanza.mx\/index.php?rest_route=\/wp\/v2\/pages\/64\/revisions"}],"predecessor-version":[{"id":411,"href":"https:\/\/nuevaesperanza.mx\/index.php?rest_route=\/wp\/v2\/pages\/64\/revisions\/411"}],"wp:attachment":[{"href":"https:\/\/nuevaesperanza.mx\/index.php?rest_route=%2Fwp%2Fv2%2Fmedia&parent=64"}],"curies":[{"name":"wp","href":"https:\/\/api.w.org\/{rel}","templated":true}]}}